{"id":11103,"date":"2023-01-30T13:50:22","date_gmt":"2023-01-30T12:50:22","guid":{"rendered":"https:\/\/3maxx.com\/gc2026\/?page_id=11103"},"modified":"2025-08-29T13:27:00","modified_gmt":"2025-08-29T11:27:00","slug":"download","status":"publish","type":"page","link":"https:\/\/3maxx.com\/gc2026\/de\/download\/","title":{"rendered":"Download"},"content":{"rendered":"<div data-elementor-type=\"wp-page\" data-elementor-id=\"11103\" class=\"elementor elementor-11103\">\n\t\t\t\t\t\t<section class=\"elementor-section elementor-top-section elementor-element elementor-element-3ad0f12 elementor-section-boxed elementor-section-height-default elementor-section-height-default\" data-id=\"3ad0f12\" data-element_type=\"section\" data-e-type=\"section\">\n\t\t\t\t\t\t<div class=\"elementor-container elementor-column-gap-default\">\n\t\t\t\t\t<div class=\"elementor-column elementor-col-100 elementor-top-column elementor-element elementor-element-32efa07\" data-id=\"32efa07\" data-element_type=\"column\" data-e-type=\"column\">\n\t\t\t<div class=\"elementor-widget-wrap elementor-element-populated\">\n\t\t\t\t\t\t<div class=\"elementor-element elementor-element-3c77cdd elementor-widget elementor-widget-heading\" data-id=\"3c77cdd\" data-element_type=\"widget\" data-e-type=\"widget\" data-widget_type=\"heading.default\">\n\t\t\t\t<div class=\"elementor-widget-container\">\n\t\t\t\t\t<h2 class=\"elementor-heading-title elementor-size-default\">Download of information &amp; guides<\/h2>\t\t\t\t<\/div>\n\t\t\t\t<\/div>\n\t\t\t\t\t<\/div>\n\t\t<\/div>\n\t\t\t\t\t<\/div>\n\t\t<\/section>\n\t\t\t\t<section class=\"elementor-section elementor-top-section elementor-element elementor-element-545b885 elementor-section-boxed elementor-section-height-default elementor-section-height-default\" data-id=\"545b885\" data-element_type=\"section\" data-e-type=\"section\">\n\t\t\t\t\t\t<div class=\"elementor-container elementor-column-gap-default\">\n\t\t\t\t\t<div class=\"elementor-column elementor-col-25 elementor-top-column elementor-element elementor-element-32a8c3d\" data-id=\"32a8c3d\" data-element_type=\"column\" data-e-type=\"column\">\n\t\t\t<div class=\"elementor-widget-wrap elementor-element-populated\">\n\t\t\t\t\t\t<div class=\"elementor-element elementor-element-da60958 elementor-widget elementor-widget-heading\" data-id=\"da60958\" data-element_type=\"widget\" data-e-type=\"widget\" data-widget_type=\"heading.default\">\n\t\t\t\t<div class=\"elementor-widget-container\">\n\t\t\t\t\t<h2 class=\"elementor-heading-title elementor-size-default\">Brosch\u00fcren\/Flyer<\/h2>\t\t\t\t<\/div>\n\t\t\t\t<\/div>\n\t\t\t\t<div class=\"elementor-element elementor-element-22e1d36 elementor-widget elementor-widget-text-editor\" data-id=\"22e1d36\" data-element_type=\"widget\" data-e-type=\"widget\" data-widget_type=\"text-editor.default\">\n\t\t\t\t<div class=\"elementor-widget-container\">\n\t\t\t\t\t\t\t\t\t<p>Verschaffe dir einen schnellen \u00dcber\u00adblick \u00fcber die HydraMax-Tief\u00adwasser\u00adkultur\u00adsysteme mit Rezirkulation.<\/p><p><span style=\"color: #ff0000;\">\u27a5 PDF:<\/span> <a href=\"https:\/\/3maxx.com\/gc2026\/wp-content\/uploads\/2024\/04\/GC-brochure_final_DE_lores.pdf\" target=\"_blank\" rel=\"noopener\">HydraMax Tiefwasserkultur System\u00fcbersicht<\/a><\/p>\t\t\t\t\t\t\t\t<\/div>\n\t\t\t\t<\/div>\n\t\t\t\t\t<\/div>\n\t\t<\/div>\n\t\t\t\t<div class=\"elementor-column elementor-col-25 elementor-top-column elementor-element elementor-element-c0afbfa\" data-id=\"c0afbfa\" data-element_type=\"column\" data-e-type=\"column\">\n\t\t\t<div class=\"elementor-widget-wrap elementor-element-populated\">\n\t\t\t\t\t\t<div class=\"elementor-element elementor-element-d53df4e elementor-widget elementor-widget-heading\" data-id=\"d53df4e\" data-element_type=\"widget\" data-e-type=\"widget\" data-widget_type=\"heading.default\">\n\t\t\t\t<div class=\"elementor-widget-container\">\n\t\t\t\t\t<h2 class=\"elementor-heading-title elementor-size-default\">Aufbau-Anleitungen<\/h2>\t\t\t\t<\/div>\n\t\t\t\t<\/div>\n\t\t\t\t<div class=\"elementor-element elementor-element-2cc8615 elementor-widget elementor-widget-text-editor\" data-id=\"2cc8615\" data-element_type=\"widget\" data-e-type=\"widget\" data-widget_type=\"text-editor.default\">\n\t\t\t\t<div class=\"elementor-widget-container\">\n\t\t\t\t\t\t\t\t\t<p>HydraMax-Systeme sind so konzipiert, dass sie leicht einzurichten und zu reinigen sind, damit du den Anbauprozess so schnell wie m\u00f6glich beginnen kannst.<\/p><p><span style=\"color: #ff0000;\">\u27a5 PDF:<\/span> <a href=\"https:\/\/3maxx.com\/gc2026\/wp-content\/uploads\/2023\/04\/GC-Produktbroschuere_2Reihen.pdf\" target=\"_blank\" rel=\"noopener\">HydraMax PRO 2-Reihen Aufbauanleitung<\/a><\/p><p><span style=\"color: #ff0000;\">\u27a5 PDF:<\/span> <a href=\"https:\/\/3maxx.com\/gc2026\/wp-content\/uploads\/2023\/04\/GC-Produktbroschuere_3Reihen.pdf\" target=\"_blank\" rel=\"noopener\">HydraMax PRO 3-Reihen Aufbauanleitung<\/a><\/p><p><span style=\"color: #ff0000;\">\u27a5 PDF:<\/span> <a href=\"https:\/\/3maxx.com\/gc2026\/wp-content\/uploads\/2023\/04\/GC-Produktbroschuere_4Reihen.pdf\" target=\"_blank\" rel=\"noopener\">HydraMax PRO 4-Reihen Aufbauanleitung<\/a><\/p><p><span style=\"color: #ff0000;\">\u27a5 PDF: <a href=\"https:\/\/3maxx.com\/gc2026\/wp-content\/uploads\/2025\/04\/Setup-Aufbau_HOME.pdf\">HydraMax HOME Aufbauanleitung<\/a><\/span><\/p><p><span style=\"color: #ff0000;\">\u27a5 PDF: <a href=\"https:\/\/3maxx.com\/gc2026\/wp-content\/uploads\/2025\/04\/HydraMax_HOME-4-Bucket-Install-Guide_EU2.pdf\">HydraMax HOME 4-Beh\u00e4lter Aufbauanleitung<\/a><\/span><\/p><p><span style=\"color: #ff0000;\">\u27a5 PDF: <a href=\"https:\/\/3maxx.com\/gc2026\/wp-content\/uploads\/2025\/08\/HydraMax-Commercial-Guide.pdf\" target=\"_blank\" rel=\"noopener\">HydraMax Commercial Aufbauanleitung (engl.)<\/a><\/span><\/p>\t\t\t\t\t\t\t\t<\/div>\n\t\t\t\t<\/div>\n\t\t\t\t\t<\/div>\n\t\t<\/div>\n\t\t\t\t<div class=\"elementor-column elementor-col-25 elementor-top-column elementor-element elementor-element-65f3410\" data-id=\"65f3410\" data-element_type=\"column\" data-e-type=\"column\">\n\t\t\t<div class=\"elementor-widget-wrap elementor-element-populated\">\n\t\t\t\t\t\t<div class=\"elementor-element elementor-element-70ddb39 elementor-widget elementor-widget-heading\" data-id=\"70ddb39\" data-element_type=\"widget\" data-e-type=\"widget\" data-widget_type=\"heading.default\">\n\t\t\t\t<div class=\"elementor-widget-container\">\n\t\t\t\t\t<h2 class=\"elementor-heading-title elementor-size-default\">Tipps &amp; Tricks<\/h2>\t\t\t\t<\/div>\n\t\t\t\t<\/div>\n\t\t\t\t<div class=\"elementor-element elementor-element-d26e51a elementor-widget elementor-widget-text-editor\" data-id=\"d26e51a\" data-element_type=\"widget\" data-e-type=\"widget\" data-widget_type=\"text-editor.default\">\n\t\t\t\t<div class=\"elementor-widget-container\">\n\t\t\t\t\t\t\t\t\t<p>Auf den kleineren HOME Systemen kann es vorkommen, dass das Wasser durch die laufende Pumpe w\u00e4rmer wird als es f\u00fcr die Pflanze gut ist. Temperaturen von bis zu 24 oder 25 Grad sind durchaus nicht sch\u00e4dlich f\u00fcr die Pflanze, aber man sollte die Bl\u00e4tter genau beobachten. Solange die Bl\u00e4tter gesund aussehen, muss man sich keine Sorgen machen. Um die Idealtemperatur von 21 Grad gleichm\u00e4\u00dfig zu halten, muss man ein K\u00fchlaggregat (Chiller) in den Wasserkreislauf einbinden. Ein g\u00fcnstigere Methode ist ein <a href=\"https:\/\/3maxx.com\/gc2026\/de\/produkt\/digital-interval-timer\/\" target=\"_blank\" rel=\"noopener\">Intervall-Timer<\/a>, den man folgenderma\u00dfen einstellt: 1 Minute Pumpe an, 5 Minuten Pumpe aus. Diese Empfehlung ist mehrfach getestet und sch\u00e4digt die Pflanze in keinster Weise. Das Wasser ist so stark mit Sauerstoff ges\u00e4ttigt, dass man im Notfall sogar 1-2 Stunden ohne Sauerstoffproduktion der Pflanze keinen Schaden antut.<\/p><p>\u00a0<\/p>\t\t\t\t\t\t\t\t<\/div>\n\t\t\t\t<\/div>\n\t\t\t\t\t<\/div>\n\t\t<\/div>\n\t\t\t\t<div class=\"elementor-column elementor-col-25 elementor-top-column elementor-element elementor-element-597a665\" data-id=\"597a665\" data-element_type=\"column\" data-e-type=\"column\">\n\t\t\t<div class=\"elementor-widget-wrap elementor-element-populated\">\n\t\t\t\t\t\t<div class=\"elementor-element elementor-element-b7d8c83 elementor-widget elementor-widget-heading\" data-id=\"b7d8c83\" data-element_type=\"widget\" data-e-type=\"widget\" data-widget_type=\"heading.default\">\n\t\t\t\t<div class=\"elementor-widget-container\">\n\t\t\t\t\t<h2 class=\"elementor-heading-title elementor-size-default\">Aufzucht Anleitungen<\/h2>\t\t\t\t<\/div>\n\t\t\t\t<\/div>\n\t\t\t\t<div class=\"elementor-element elementor-element-5bf24c8 elementor-widget elementor-widget-text-editor\" data-id=\"5bf24c8\" data-element_type=\"widget\" data-e-type=\"widget\" data-widget_type=\"text-editor.default\">\n\t\t\t\t<div class=\"elementor-widget-container\">\n\t\t\t\t\t\t\t\t\t<p>Es gibt viele verschiedene Anbau\u00ad\u00ad\u00admetho\u00adden und jeder Anbau hat seine eigenen, einzigartigen Qualit\u00e4ten. Aus diesem Grund haben wir diesen Grow-Guide erstellt, der auf unseren Recherchen und den Gespr\u00e4chen mit Z\u00fcchtern wie Dir basiert.;\u00a0<\/p><p class=\"translation-block\"><span style=\"color: #ff0000\">\u27a5 PDF:<\/span>\u00a0<a href=\"https:\/\/3maxx.com\/gc2026\/wp-content\/uploads\/2025\/02\/GrowGuidePoster_DE.pdf\" target=\"_blank\" rel=\"noopener\">Poster\u00a0Anbauanleitung<\/a>  mit empfohlenen Abl\u00e4ufen<\/p><p><span style=\"color: #ff0000;\">\u27a5 PDF: <a href=\"https:\/\/3maxx.com\/gc2026\/wp-content\/uploads\/2024\/06\/Dosing-schedule-AHOH_LoRes2.pdf\" target=\"_blank\" rel=\"noopener\">AHOH Dosierungsanleitung f\u00fcr N\u00e4hrstoffe (engl.)<\/a><\/span><\/p><p><span style=\"color: #ff0000;\">\u27a5 PDF: <a href=\"https:\/\/3maxx.com\/gc2026\/wp-content\/uploads\/2024\/03\/Dosing-schedule-Canna_LoRes.pdf\">CANNA Dosierungsanleitung f\u00fcr N\u00e4hrstoffe (engl.)<\/a><\/span><\/p><p><span style=\"color: #ff0000;\">\u27a5 PDF: <a href=\"https:\/\/3maxx.com\/gc2026\/wp-content\/uploads\/2024\/04\/Dosing-schedule-TA_loRes.pdf\">Terra Aquatica Dosierungsanleitung f\u00fcr N\u00e4hrstoffe (engl.)<\/a><\/span><\/p>\t\t\t\t\t\t\t\t<\/div>\n\t\t\t\t<\/div>\n\t\t\t\t\t<\/div>\n\t\t<\/div>\n\t\t\t\t\t<\/div>\n\t\t<\/section>\n\t\t\t\t<\/div>","protected":false},"excerpt":{"rendered":"<p>Download of information &amp; guides Brochures\/Flyers Get a quick overview of the HydraMax Recirculating Deep Water Culture Systems. \u27a5 PDF: HydraMax Deep Water Culture System Overview Installation Guides HydraMax systems are designed to be easy to set up and clean so you can start the growing process as fast as possible. \u27a5 PDF: HydraMax PRO [&hellip;]<\/p>\n","protected":false},"author":1,"featured_media":0,"parent":0,"menu_order":0,"comment_status":"closed","ping_status":"closed","template":"","meta":{"footnotes":""},"class_list":["post-11103","page","type-page","status-publish","hentry"],"_links":{"self":[{"href":"https:\/\/3maxx.com\/gc2026\/de\/wp-json\/wp\/v2\/pages\/11103","targetHints":{"allow":["GET"]}}],"collection":[{"href":"https:\/\/3maxx.com\/gc2026\/de\/wp-json\/wp\/v2\/pages"}],"about":[{"href":"https:\/\/3maxx.com\/gc2026\/de\/wp-json\/wp\/v2\/types\/page"}],"author":[{"embeddable":true,"href":"https:\/\/3maxx.com\/gc2026\/de\/wp-json\/wp\/v2\/users\/1"}],"replies":[{"embeddable":true,"href":"https:\/\/3maxx.com\/gc2026\/de\/wp-json\/wp\/v2\/comments?post=11103"}],"version-history":[{"count":9,"href":"https:\/\/3maxx.com\/gc2026\/de\/wp-json\/wp\/v2\/pages\/11103\/revisions"}],"predecessor-version":[{"id":16843,"href":"https:\/\/3maxx.com\/gc2026\/de\/wp-json\/wp\/v2\/pages\/11103\/revisions\/16843"}],"wp:attachment":[{"href":"https:\/\/3maxx.com\/gc2026\/de\/wp-json\/wp\/v2\/media?parent=11103"}],"curies":[{"name":"wp","href":"https:\/\/api.w.org\/{rel}","templated":true}]}}