{"id":11503,"date":"2023-04-26T11:07:07","date_gmt":"2023-04-26T09:07:07","guid":{"rendered":"https:\/\/3maxx.com\/gc2026\/agb\/"},"modified":"2024-01-06T15:43:25","modified_gmt":"2024-01-06T14:43:25","slug":"tcs","status":"publish","type":"page","link":"https:\/\/3maxx.com\/gc2026\/de\/tcs\/","title":{"rendered":"T&amp;Cs"},"content":{"rendered":"<div data-elementor-type=\"wp-page\" data-elementor-id=\"11503\" class=\"elementor elementor-11503\">\n\t\t\t\t\t\t<section class=\"elementor-section elementor-top-section elementor-element elementor-element-79ba51ad elementor-section-boxed elementor-section-height-default elementor-section-height-default\" data-id=\"79ba51ad\" data-element_type=\"section\" data-e-type=\"section\">\n\t\t\t\t\t\t<div class=\"elementor-container elementor-column-gap-default\">\n\t\t\t\t\t<div class=\"elementor-column elementor-col-100 elementor-top-column elementor-element elementor-element-c7c411b\" data-id=\"c7c411b\" data-element_type=\"column\" data-e-type=\"column\">\n\t\t\t<div class=\"elementor-widget-wrap elementor-element-populated\">\n\t\t\t\t\t\t<div class=\"elementor-element elementor-element-c18df87 elementor-widget elementor-widget-text-editor\" data-id=\"c18df87\" data-element_type=\"widget\" data-e-type=\"widget\" data-widget_type=\"text-editor.default\">\n\t\t\t\t<div class=\"elementor-widget-container\">\n\t\t\t\t\t\t\t\t\t<p><\/p>\n<h1 class=\"wp-block-heading\">Green Cult AGB<\/h1>\n<p><\/p>\n<figure>\n<table>\n<tbody>\n<tr>\n<td>\n<p><strong>1. Anwendungsbereich<br \/><\/strong>a.\tS\u00e4mtliche Lieferungen und Leistungen erfolgen ausschlie\u00dflich aufgrund der nachstehenden Bedingungen, soweit nicht ausdr\u00fccklich etwas anderes schriftlich vereinbart wird. Entgegenstehende Bedingungen werden nicht anerkannt, es sei denn, sie sind ausdr\u00fccklich schriftlich vereinbart worden. Im Rahmen einer laufenden Gesch\u00e4ftsbeziehung gelten diese Bedingungen in ihrer jeweiligen Fassung auch ohne ausdr\u00fccklichen Hinweis auf ihre Einbeziehung f\u00fcr alle zuk\u00fcnftigen Lieferungen und Leistungen \u00a0<\/p>\n<p><strong><strong>2. Angebot und Vertragsschluss<\/strong><\/strong><br \/>a.\tGreen Cult schlie\u00dft mit Unternehmern und Verbraucher Vertr\u00e4ge ab.<br \/>b.\tAngebote von Green Cult sind stets freibleibend. Ein Vertrag kommt erst zustande, wenn Green Cult den Auftrag schriftlich best\u00e4tigt, mit der Ausf\u00fchrung der Leistung begonnen hat oder die Ware geliefert hat.<br \/>c.\tM\u00fcndliche Zusagen binden Green Cult nur, wenn sie schriftlich ausdr\u00fccklich best\u00e4tigt werden. Dies gilt auch f\u00fcr Werbeaussagen in Wort und Bild oder Produktbeschreibungen. Sie stellen auch keine Zusicherung oder Garantie dar.<br \/>d.\tGreen Cult ist berechtigt, vom Vertrag ohne Einhaltung einer Frist zur\u00fcckzutreten, wenn sich das Verm\u00f6gen des Kunden nachhaltig verschlechtert hat oder \u00fcber dessen Verm\u00f6gens die Durchf\u00fchrung eines Insolvenzverfahrens beantragt wurde.\u00a0<\/p>\n<p><strong>3.<strong> Abbildungen<\/strong><\/strong><br \/>a.\tDie Produktabbildungen k\u00f6nnen in Form und Farbe leicht von den gelieferten Produkten abweichen. Ma\u00dfgeblich ist die Produktbeschreibung.<\/p>\n<p><strong><strong>4. Preise und Zahlungsbedingungen<\/strong><\/strong><br \/>a.\tPreise verstehen sich netto ab Lager Deutschland zzgl. der jeweils g\u00fcltigen Umsatzsteuer und Verpackungs- und Versandkosten.<br \/>b.\tEs gelten die Preise zum Zeitpunkt der Bestellung.<br \/>c.\tLiegen zwischen Vertragsschluss und vereinbarter Lieferung mehr als vier Monate, so ist Green Cult berechtigt, den Preis entsprechend zu erh\u00f6hen, wenn das allgemeine Preis- und Lohnniveau in der Branche dies erforderlich macht. Der Kunde wird unverz\u00fcglich nach Bekanntwerden der Erh\u00f6hung informiert.<br \/>d.     Rechnungen sind sofort ohne Abzug f\u00e4llig bzw. wie auf der jeweiligen Rechnung ausgewiesen.<br \/>e.\tLieferung erfolgt nach Eingang der vollst\u00e4ndigen Zahlung, soweit nicht anders vereinbart.<br \/>f.\tDer Kunde kann Green Cult gegen\u00fcber nur mit unbestrittenen oder rechtskr\u00e4ftig festgestellten Forderungen aufrechnen. Seine Leistung darf er nur verweigern, wenn sein Recht hierzu auf demselben Vertragsverh\u00e4ltnis beruht. Jeder einzelne Auftrag gilt als gesondertes Vertragsverh\u00e4ltnis.<\/p>\n<p><strong><strong>5. Lieferbedingungen; Gefahr\u00fcbergang<\/strong><\/strong><br \/>a.\tLiefer- und Leistungsfristen sind nur verbindlich, wenn Green Cult sie schriftlich als verbindlich best\u00e4tigt hat. Sie beginnt mit der Absendung der Auftragsbest\u00e4tigung durch Green Cult. Muss der Kunde vorleisten, beginnt sie mit dem Eingang dieser Vorleistung bei Green Cult. <br \/>b.\tGreen Cult ist zu Teillieferungen in zumutbarem Umfang berechtigt. Der Kunde ist zur Bezahlung der gelieferten Teilmengen verpflichtet.<br \/>c.\tH\u00e4lt Green Cult einen Liefertermin nicht ein und muss dies vertreten, kann der Kunde vom Vertrag zur\u00fccktreten, wenn er Green Cult schriftlich eine angemessene Nachfrist gesetzt hat und auch diese ohne Lieferung verstreicht.<br \/>d.\tBei Liefer- oder Leistungsverz\u00f6gerungen, die von Green Cult nicht zu vertreten sind, z.B. bei h\u00f6herer Gewalt, Streik, Einfuhr- und Ausfuhrbeschr\u00e4nkungen, Betriebsst\u00f6rungen oder St\u00f6rung der Verkehrswege, verl\u00e4ngert sich die Lieferfrist \u2013 auch innerhalb eines Verzuges \u2013 entsprechend. Dasselbe gilt, wenn diese Umst\u00e4nde bei Lieferanten von Green Cult oder deren Unterlieferanten eintreten. Green Cult wird den Kunden umgehend \u00fcber solche Hindernisse und die voraussichtliche Dauer informieren.<br \/>e.\tKommt der Kunde in Annahmeverzug, ist Green Cult berechtigt, beginnend einen Monat nach Anzeige der Versandbereitschaft, die durch die Lagerung tats\u00e4chlich entstandenen Kosten oder 0,5% des Rechnungsbetrages f\u00fcr jeden angefangenen Monat zu verlangen, es sei denn der Kunde kann Green Cult einen geringeren Schaden nachweisen. Nach Ablauf einer angemessenen Frist kann Green Cult vom Vertrag zur\u00fcckzutreten. Mit Eintritt des Annahmeverzugs geht die Gefahr der zuf\u00e4lligen Verschlechterung und des zuf\u00e4lligen Untergangs auf den Kunden \u00fcber.<br \/>f.\tLieferungen erfolgen ab Lager (EXW INCOTERMS 2010) Green Cult. Die Lieferfrist ist eingehalten, wenn Green Cult dem Kunden die Versandbereitschaft der Ware bis zu ihrem Ablauf angezeigt hat. Der Gefahr\u00fcbergang erfolgt mit Anzeige der Versandbereitschaft.<\/p>\n<p><strong><strong>6. Eigentumsvorbehalt<\/strong><\/strong><br \/>a.\tGreen Cult beh\u00e4lt sich das Eigentum an der Ware bis zu deren vollst\u00e4ndigen Bezahlung vor. Bei Waren, die der Kunde im Rahmen einer laufenden Gesch\u00e4ftsbeziehung erh\u00e4lt, beh\u00e4lt sich GREEN CULT das Eigentum vor, bis s\u00e4mtliche Forderungen aus dieser beglichen sind. Der Kunde ist verpflichtet, die Vorbehaltsware w\u00e4hrend der Dauer des Eigentumsvorbehalts in ordnungsgem\u00e4\u00dfem Zustand zu halten und alle erforderlichen Wartungsarbeiten und Instandsetzungen durchzuf\u00fchren oder von Dritten durchf\u00fchren zu lassen.<br \/>b.\tDer Kunde ist zur Verarbeitung oder Verbindung der Vorbehaltsware im Rahmen seines ordnungsgem\u00e4\u00dfen Gesch\u00e4ftsbetriebs berechtigt. GREEN CULT erwirbt an den dadurch entstehenden Gegenst\u00e4nden Miteigentum, das der Kunde bereits jetzt \u00fcbertr\u00e4gt. Die H\u00f6he des Miteigentumsanteils von GREEN CULT bestimmt sich nach dem Verh\u00e4ltnis des Wertes der Vorbehaltsware zu den anderen Erzeugnissen. Der Kunde hat in diesen F\u00e4llen, die im Eigentum oder Miteigentum von GREEN CULT stehende Sache unentgeltlich zu verwahren.<br \/>c.\tDer Kunde darf die Vorbehaltsware im ordnungsgem\u00e4\u00dfen Gesch\u00e4ftsverkehr gegen Zahlung oder unter Eigentumsvorbehalt weiterver\u00e4u\u00dfern. Die aus dem Weiterverkauf oder einem sonstigen Rechtsgrund (Versicherung, unerlaubte Handlung) entstehende Forderung tritt der Kunde bereits jetzt mit allen Nebenrechten sicherungshalber in vollem Umfang an GREEN CULT ab. GREEN CULT nimmt diese Abtretung an. Wenn die weiterver\u00e4u\u00dferte Vorbehaltsware im Miteigentum von GREEN CULT steht, erstreckt sich die Abtretung der Forderungen auf den Betrag, der dem Anteilswert von GREEN CULT am Miteigentum entspricht.<br \/>d.\tGREEN CULT erm\u00e4chtigt den Kunden widerruflich, die an GREEN CULT abgetretenen Forderungen f\u00fcr dessen Rechnung im eigenen Namen einzuziehen. Diese Einziehungserm\u00e4chtigung kann widerrufen werden, wenn der Kunde seinen Zahlungsverpflichtungen nicht nachkommt. Die aus der Abtretung zustehenden Erl\u00f6se sind GREEN CULT sofort nach Eingang weiterzuleiten. Auf Verlangen hat der Kunde seine Abnehmer von der Abtretung zu informieren und GREEN CULT die Namen der Schuldner der abgetretenen Forderungen mitzuteilen, damit GREEN CULT eine Offenlegung der Abtretung und\/oder Einziehung der abgetretenen Forderungen selbst vornehmen kann.<br \/>e.\tDer Kunde darf Vorbehaltsware weder verpf\u00e4nden noch zur Sicherung \u00fcbereignen. Greifen Dritte auf Vorbehaltsware und\/oder an GREEN CULT abgetretene Forderungen zu, ist der Kunde verpflichtet, GREEN CULT sofort zu unterrichten. Kosten, die GREEN CULT durch einen solchen Zugriff entstehen, tr\u00e4gt der Kunde, sofern der Ersatz nicht von Dritten zu erlangen ist.<br \/>f.\tBei \u00dcbersicherung von mehr als 20% ist GREEN CULT zur Freigabe, der diesen Prozentsatz wertm\u00e4\u00dfig \u00fcbersteigenden Sicherheiten nach seiner Wahl verpflichtet. \u00a0<\/p>\n<p>7<strong>. Gew\u00e4hrleistung<\/strong><br \/>a.\tEs gelten die gesetzlichen Gew\u00e4hrleistungsbestimmungen, soweit nachfolgend nichts anderes geregelt wird.<br \/>b.\tGREEN CULT haftet nicht f\u00fcr Sch\u00e4den, die durch nat\u00fcrliche Abnutzung, Verschmutzung, unsachgem\u00e4\u00dfen Transport, Behandlung, Lagerung, Verwendung, Nutzung, Montage der Ware oder durch sonstige vom Kunden oder von Dritten zu verantwortende Umst\u00e4nde entstehen. Ein Schaden, der auf spezielle, f\u00fcr GREEN CULT nicht konkret vorhersehbare Einsatzbedingungen der Ware (z.B. Verschmutzungsgefahr) zur\u00fcckzuf\u00fchren ist, stellt keinen Mangel im Sinne der Gew\u00e4hrleistung dar.<br \/>c.\tDer Kunde ist verpflichtet, die gelieferte Ware oder Leistung unverz\u00fcglich nach Erhalt auf Menge und Beschaffenheit zu untersuchen. Offensichtliche und bei ordnungsgem\u00e4\u00dfer Untersuchung erkennbare M\u00e4ngel sind unverz\u00fcglich, sp\u00e4testens jedoch innerhalb von 5 Werktagen nach Erhalt der Ware, schriftlich unter genauer Angabe des Mangels anzuzeigen. M\u00e4ngel, die auch bei sorgf\u00e4ltiger Pr\u00fcfung innerhalb dieser Frist nicht entdeckt werden k\u00f6nnen, sind unverz\u00fcglich nach Entdeckung schriftlich zu r\u00fcgen. Unterl\u00e4sst der Kunde die unverz\u00fcgliche Anzeige, gilt die Ware als genehmigt.<br \/>d.\tSpezifikationen der Ware oder sonstige Angaben \u00fcber den Vertragsgegenstand dienen lediglich der Beschreibung und enthalten keine Zusicherung f\u00fcr die Beschaffenheit. Abweichungen von diesen Spezifikationen und Angaben sind keine M\u00e4ngel, wenn sich diese Abweichungen im Rahmen des gesetzlichen oder nach dem Stand der Technik Zul\u00e4ssigen halten und die Funktionsf\u00e4higkeit nicht wesentlich beeintr\u00e4chtigt wird. Dies gilt nicht, wenn GREEN CULT dem Kunden die Spezifikation bei Vertragsabschluss ausdr\u00fccklich als solche schriftlich zugesichert hat<br \/>e.\tGREEN CULT darf einen mangelhaften Gegenstand nach eigener Wahl nachbessern oder Ersatz liefern. Sind die M\u00e4ngel auch nach einem zweiten Versuch ihrer Beseitigung, entweder durch Nachbesserung oder Neulieferung nicht behoben, oder unternimmt GREEN CULT nicht in angemessenem Zeitraum einen Versuch ihrer Beseitigung, darf der Kunde den Kaufpreis mindern oder vom Vertrag zur\u00fcckzutreten. Hat GREEN CULT nicht vors\u00e4tzlich oder grob fahrl\u00e4ssig gehandelt, sind alle weitergehenden Rechte des Kunden aus der mangelhaften Lieferung ausgeschlossen. <br \/>f. Die Gew\u00e4hrleistungsfrist betr\u00e4gt 12 Monate ab Gefahr\u00fcbergang\u00a0<\/p>\n<p><strong>8<strong>. Haftung<\/strong><\/strong><br \/>a.\tGREEN CULT haftet nur f\u00fcr Sch\u00e4den, die von GREEN CULT vors\u00e4tzlich, grob fahrl\u00e4ssig oder in Verletzung wesentlicher Vertragspflichten leicht fahrl\u00e4ssig verursacht wurden. Der Schadensersatz f\u00fcr die Verletzung wesentlicher Vertragspflichten ist in F\u00e4llen leichter Fahrl\u00e4ssigkeit auf den vertragstypischen und vorhersehbaren Schaden, h\u00f6chstens auf den Kaufpreis, begrenzt.<br \/>b.\tDie Regelungen in Absatz 1 gelten nicht f\u00fcr Schadensersatzanspr\u00fcche nach dem Produkthaftungsgesetz und wegen der Verletzung von Leben, K\u00f6rper oder Gesundheit.<br \/>c.\tSoweit nach diesen Bedingungen die Haftung ausgeschlossen oder beschr\u00e4nkt ist, gilt dies auch f\u00fcr die Haftung der Organe von GREEN CULT sowie f\u00fcr die Haftung von Mitarbeitern und Angestellten, Erf\u00fcllungs- und Verrichtungsgehilfen.<br \/>d.\tS\u00e4mtliche Haftungsanspr\u00fcche verj\u00e4hren in zw\u00f6lf Monaten. Bei vors\u00e4tzlicher oder grob fahrl\u00e4ssiger Pflichtverletzung, bei arglistigem Verhalten, bei Verletzung von Leben, K\u00f6rper oder Gesundheit sowie bei Anspr\u00fcchen nach dem Produkthaftungsgesetz gelten die gesetzlichen Fristen.<br \/>e. e.\tZiffer 7 bleibt unber\u00fchrt.<\/p>\n<p><strong>9.<strong> Sonstiges<\/strong><\/strong><br \/>a.\t\u00c4nderungen dieses Vertrags bed\u00fcrfen der Schriftform. Dies gilt auch f\u00fcr die Aufhebung dieser Schriftformklausel.<br \/>b.\tZwischen den Parteien findet f\u00fcr alle Gesch\u00e4fte ausschlie\u00dflich deutsches Recht Anwendung, unter Ausschluss der Verweisungsnormen des Internationalen Privatrechts sowie des \u00dcbereinkommens der Vereinten Nationen \u00fcber den internationalen Warenkauf vom 11.4.1980 (CISG).<br \/>c.\tSofern der Kunde Kaufmann ist, ist Ulm Gerichtsstand. GREEN CULT ist jedoch berechtigt, diesen auch an seinem Sitz zu verklagen. \u00a0 \u00a0<\/p>\n<\/td>\n<\/tr>\n<\/tbody>\n<\/table>\n<\/figure>\n<p><\/p>\n<p>\n<\/p>\t\t\t\t\t\t\t\t<\/div>\n\t\t\t\t<\/div>\n\t\t\t\t\t<\/div>\n\t\t<\/div>\n\t\t\t\t\t<\/div>\n\t\t<\/section>\n\t\t\t\t<\/div>","protected":false},"excerpt":{"rendered":"<p>Green Cult Terms &amp; Conditions 1. Scope of Applicationa. All deliveries and services shall be made exclusively based on the following terms and conditions, unless expressly agreed otherwise in writing. Conflicting terms and conditions shall not be recognised unless they have been expressly agreed in writing. Within the framework of an ongoing business relationship, these [&hellip;]<\/p>\n","protected":false},"author":1,"featured_media":0,"parent":0,"menu_order":0,"comment_status":"closed","ping_status":"closed","template":"","meta":{"footnotes":""},"class_list":["post-11503","page","type-page","status-publish","hentry"],"_links":{"self":[{"href":"https:\/\/3maxx.com\/gc2026\/de\/wp-json\/wp\/v2\/pages\/11503","targetHints":{"allow":["GET"]}}],"collection":[{"href":"https:\/\/3maxx.com\/gc2026\/de\/wp-json\/wp\/v2\/pages"}],"about":[{"href":"https:\/\/3maxx.com\/gc2026\/de\/wp-json\/wp\/v2\/types\/page"}],"author":[{"embeddable":true,"href":"https:\/\/3maxx.com\/gc2026\/de\/wp-json\/wp\/v2\/users\/1"}],"replies":[{"embeddable":true,"href":"https:\/\/3maxx.com\/gc2026\/de\/wp-json\/wp\/v2\/comments?post=11503"}],"version-history":[{"count":0,"href":"https:\/\/3maxx.com\/gc2026\/de\/wp-json\/wp\/v2\/pages\/11503\/revisions"}],"wp:attachment":[{"href":"https:\/\/3maxx.com\/gc2026\/de\/wp-json\/wp\/v2\/media?parent=11503"}],"curies":[{"name":"wp","href":"https:\/\/api.w.org\/{rel}","templated":true}]}}