{"id":11504,"date":"2023-04-26T11:07:07","date_gmt":"2023-04-26T09:07:07","guid":{"rendered":"https:\/\/3maxx.com\/gc2026\/widerrufsbelehrung\/"},"modified":"2024-01-06T15:00:15","modified_gmt":"2024-01-06T14:00:15","slug":"cancellation-policy","status":"publish","type":"page","link":"https:\/\/3maxx.com\/gc2026\/de\/cancellation-policy\/","title":{"rendered":"Widerrufsbelehrung"},"content":{"rendered":"<h1 class=\"wp-block-heading\">Widerrufsbelehrung<\/h1>\n\n\n\n<p><strong>Widerrufsrecht nur f\u00fcr private Verbraucher<\/strong><\/p>\n\n\n\n<p>Du hast das Recht, binnen vierzehn Tagen ohne Angabe von Gr\u00fcnden diesen Vertrag zu widerrufen.<\/p>\n\n\n\n<p>Die Widerrufsfrist betr\u00e4gt vierzehn Tage ab dem Tag, an dem du oder ein von dir benannter Dritter, der nicht der Bef\u00f6rderer ist, die letzte Ware in Besitz genommen hat.<\/p>\n\n\n\n<p>Um dein Widerrufsrecht auszu\u00fcben, musst du uns, Green Cult GbR, Benzstr. 18 in 89079 Ulm, mittels einer eindeutigen Erkl\u00e4rung (z. B. ein mit der Post versandter Brief oder eine E-Mail an info@3maxx.com\/gc2026) \u00fcber deinen Entschluss, diesen Vertrag zu widerrufen, informieren.<\/p>\n\n\n\n<p>Zur Wahrung der Widerrufsfrist reicht es aus, dass du die Mitteilung \u00fcber die Aus\u00fcbung des Widerrufsrechts vor Ablauf der Widerrufsfrist absenden.<\/p>\n\n\n\n<p><strong>Folgen des Widerrufs<\/strong><\/p>\n\n\n\n<p>Wenn du diesen Vertrag widerrufst, haben wir dir alle Zahlungen, die wir von dir erhalten haben, einschlie\u00dflich der Lieferkosten (mit Ausnahme der zus\u00e4tzlichen Kosten, die sich daraus ergeben, dass du eine andere Art der Lieferung als die von uns angebotene, g\u00fcnstigste Standardlieferung gew\u00e4hlt hast), unverz\u00fcglich und sp\u00e4testens binnen vierzehn Tagen ab dem Tag zur\u00fcckzuzahlen, an dem die Mitteilung \u00fcber deinen Widerruf dieses Vertrags bei uns eingegangen ist. F\u00fcr diese R\u00fcckzahlung verwenden wir dasselbe Zahlungsmittel, das du bei der urspr\u00fcnglichen Transaktion eingesetzt hast, es sei denn, mit dir wurde ausdr\u00fccklich etwas anderes vereinbart; in keinem Fall werden dir wegen dieser R\u00fcckzahlung Entgelte berechnet.<\/p>\n\n\n\n<p><strong>Wenn du die Waren im Zusammenhang mit dem Vertrag schon erhalten hast<\/strong><\/p>\n\n\n\n<p>Du hast die Waren unverz\u00fcglich und in jedem Fall sp\u00e4testens binnen vierzehn Tagen ab dem Tag, an dem du uns \u00fcber den Widerruf dieses Vertrags unterrichtet hast, an Green Cult GbR, Benzstr. 18 in 89079 Ulm zur\u00fcckzusenden oder zu \u00fcbergeben. Die Frist ist gewahrt, wenn du die Waren vor Ablauf der Frist von vierzehn Tagen nach deinem Widerruf absendest.<\/p>\n\n\n\n<p>Du tr\u00e4gst die unmittelbaren Kosten der R\u00fccksendung der Waren. Du musst f\u00fcr einen etwaigen Wertverlust der Waren nur aufkommen, wenn dieser Wertverlust auf einen zur Pr\u00fcfung der Beschaffenheit, Eigenschaften und Funktionsweise der Waren nicht notwendigen Umgang mit ihnen zur\u00fcckzuf\u00fchren ist.<\/p>","protected":false},"excerpt":{"rendered":"<p>Cancellation policy Right of withdrawal for private consumers only You have the right to cancel your purchase contract within fourteen days without giving any reason. The cancellation period is fourteen days from the day on which you or a third party named by you, who is not the carrier, has taken possession of the last [&hellip;]<\/p>\n","protected":false},"author":1,"featured_media":0,"parent":0,"menu_order":0,"comment_status":"closed","ping_status":"closed","template":"","meta":{"footnotes":""},"class_list":["post-11504","page","type-page","status-publish","hentry"],"_links":{"self":[{"href":"https:\/\/3maxx.com\/gc2026\/de\/wp-json\/wp\/v2\/pages\/11504","targetHints":{"allow":["GET"]}}],"collection":[{"href":"https:\/\/3maxx.com\/gc2026\/de\/wp-json\/wp\/v2\/pages"}],"about":[{"href":"https:\/\/3maxx.com\/gc2026\/de\/wp-json\/wp\/v2\/types\/page"}],"author":[{"embeddable":true,"href":"https:\/\/3maxx.com\/gc2026\/de\/wp-json\/wp\/v2\/users\/1"}],"replies":[{"embeddable":true,"href":"https:\/\/3maxx.com\/gc2026\/de\/wp-json\/wp\/v2\/comments?post=11504"}],"version-history":[{"count":0,"href":"https:\/\/3maxx.com\/gc2026\/de\/wp-json\/wp\/v2\/pages\/11504\/revisions"}],"wp:attachment":[{"href":"https:\/\/3maxx.com\/gc2026\/de\/wp-json\/wp\/v2\/media?parent=11504"}],"curies":[{"name":"wp","href":"https:\/\/api.w.org\/{rel}","templated":true}]}}