{"id":12718,"date":"2023-10-04T16:02:04","date_gmt":"2023-10-04T14:02:04","guid":{"rendered":"https:\/\/3maxx.com\/gc2026\/?page_id=12718"},"modified":"2026-02-17T14:09:56","modified_gmt":"2026-02-17T13:09:56","slug":"green-cult","status":"publish","type":"page","link":"https:\/\/3maxx.com\/gc2026\/de\/green-cult\/","title":{"rendered":"Green Cult"},"content":{"rendered":"<div data-elementor-type=\"wp-page\" data-elementor-id=\"12718\" class=\"elementor elementor-12718\">\n\t\t\t\t\t\t<section class=\"elementor-section elementor-top-section elementor-element elementor-element-a38e4a0 elementor-section-boxed elementor-section-height-default elementor-section-height-default\" data-id=\"a38e4a0\" data-element_type=\"section\" data-e-type=\"section\">\n\t\t\t\t\t\t<div class=\"elementor-container elementor-column-gap-default\">\n\t\t\t\t\t<div class=\"elementor-column elementor-col-50 elementor-top-column elementor-element elementor-element-6457f6f\" data-id=\"6457f6f\" data-element_type=\"column\" data-e-type=\"column\" data-settings=\"{&quot;background_background&quot;:&quot;classic&quot;}\">\n\t\t\t<div class=\"elementor-widget-wrap elementor-element-populated\">\n\t\t\t\t\t\t<div class=\"elementor-element elementor-element-eac1005 elementor-widget elementor-widget-image\" data-id=\"eac1005\" data-element_type=\"widget\" data-e-type=\"widget\" data-widget_type=\"image.default\">\n\t\t\t\t<div class=\"elementor-widget-container\">\n\t\t\t\t\t\t\t\t\t\t\t\t\t\t\t<img decoding=\"async\" width=\"505\" height=\"164\" src=\"https:\/\/3maxx.com\/gc2026\/wp-content\/uploads\/2026\/02\/logo_positive2.png\" class=\"attachment-full size-full wp-image-17099\" alt=\"\" srcset=\"https:\/\/3maxx.com\/gc2026\/wp-content\/uploads\/2026\/02\/logo_positive2.png 505w, https:\/\/3maxx.com\/gc2026\/wp-content\/uploads\/2026\/02\/logo_positive2-300x97.png 300w, https:\/\/3maxx.com\/gc2026\/wp-content\/uploads\/2026\/02\/logo_positive2-18x6.png 18w, https:\/\/3maxx.com\/gc2026\/wp-content\/uploads\/2026\/02\/logo_positive2-450x146.png 450w\" sizes=\"(max-width: 505px) 100vw, 505px\" \/>\t\t\t\t\t\t\t\t\t\t\t\t\t\t\t<\/div>\n\t\t\t\t<\/div>\n\t\t\t\t\t<\/div>\n\t\t<\/div>\n\t\t\t\t<div class=\"elementor-column elementor-col-50 elementor-top-column elementor-element elementor-element-a400cc5\" data-id=\"a400cc5\" data-element_type=\"column\" data-e-type=\"column\" data-settings=\"{&quot;background_background&quot;:&quot;classic&quot;}\">\n\t\t\t<div class=\"elementor-widget-wrap elementor-element-populated\">\n\t\t\t\t\t\t<div class=\"elementor-element elementor-element-99e8dc9 elementor-widget elementor-widget-heading\" data-id=\"99e8dc9\" data-element_type=\"widget\" data-e-type=\"widget\" data-widget_type=\"heading.default\">\n\t\t\t\t<div class=\"elementor-widget-container\">\n\t\t\t\t\t<h1 class=\"elementor-heading-title elementor-size-default translation-block\">Green Cult - hydroponische Systeme und Zubeh\u00f6r<br> f\u00fcr deinen professionellen Anbau<\/h1>\t\t\t\t<\/div>\n\t\t\t\t<\/div>\n\t\t\t\t\t<\/div>\n\t\t<\/div>\n\t\t\t\t\t<\/div>\n\t\t<\/section>\n\t\t\t\t<section class=\"elementor-section elementor-top-section elementor-element elementor-element-7108b1ba elementor-section-boxed elementor-section-height-default elementor-section-height-default\" data-id=\"7108b1ba\" data-element_type=\"section\" data-e-type=\"section\">\n\t\t\t\t\t\t<div class=\"elementor-container elementor-column-gap-default\">\n\t\t\t\t\t<div class=\"elementor-column elementor-col-100 elementor-top-column elementor-element elementor-element-1228216f\" data-id=\"1228216f\" data-element_type=\"column\" data-e-type=\"column\">\n\t\t\t<div class=\"elementor-widget-wrap elementor-element-populated\">\n\t\t\t\t\t\t<div class=\"elementor-element elementor-element-c000723 elementor-widget elementor-widget-spacer\" data-id=\"c000723\" data-element_type=\"widget\" data-e-type=\"widget\" data-widget_type=\"spacer.default\">\n\t\t\t\t<div class=\"elementor-widget-container\">\n\t\t\t\t\t\t\t<div class=\"elementor-spacer\">\n\t\t\t<div class=\"elementor-spacer-inner\"><\/div>\n\t\t<\/div>\n\t\t\t\t\t\t<\/div>\n\t\t\t\t<\/div>\n\t\t\t\t<div class=\"elementor-element elementor-element-aa44d3d elementor-widget elementor-widget-heading\" data-id=\"aa44d3d\" data-element_type=\"widget\" data-e-type=\"widget\" data-widget_type=\"heading.default\">\n\t\t\t\t<div class=\"elementor-widget-container\">\n\t\t\t\t\t<h2 class=\"elementor-heading-title elementor-size-default\">Innovative hydroponische L\u00f6sungen f\u00fcr deinen Indoor Anbau<\/h2>\t\t\t\t<\/div>\n\t\t\t\t<\/div>\n\t\t\t\t\t<\/div>\n\t\t<\/div>\n\t\t\t\t\t<\/div>\n\t\t<\/section>\n\t\t\t\t<section class=\"elementor-section elementor-top-section elementor-element elementor-element-06c5dd9 elementor-section-boxed elementor-section-height-default elementor-section-height-default\" data-id=\"06c5dd9\" data-element_type=\"section\" data-e-type=\"section\">\n\t\t\t\t\t\t<div class=\"elementor-container elementor-column-gap-default\">\n\t\t\t\t\t<div class=\"elementor-column elementor-col-50 elementor-top-column elementor-element elementor-element-40cd0bd\" data-id=\"40cd0bd\" data-element_type=\"column\" data-e-type=\"column\">\n\t\t\t<div class=\"elementor-widget-wrap elementor-element-populated\">\n\t\t\t\t\t\t<div class=\"elementor-element elementor-element-a5609d3 elementor-widget elementor-widget-image\" data-id=\"a5609d3\" data-element_type=\"widget\" data-e-type=\"widget\" data-widget_type=\"image.default\">\n\t\t\t\t<div class=\"elementor-widget-container\">\n\t\t\t\t\t\t\t\t\t\t\t\t\t\t\t<img decoding=\"async\" width=\"1200\" height=\"662\" src=\"https:\/\/3maxx.com\/gc2026\/wp-content\/uploads\/2024\/03\/team-image.jpg\" class=\"attachment-full size-full wp-image-14593\" alt=\"\" srcset=\"https:\/\/3maxx.com\/gc2026\/wp-content\/uploads\/2024\/03\/team-image.jpg 1200w, https:\/\/3maxx.com\/gc2026\/wp-content\/uploads\/2024\/03\/team-image-300x166.jpg 300w, https:\/\/3maxx.com\/gc2026\/wp-content\/uploads\/2024\/03\/team-image-1024x565.jpg 1024w, https:\/\/3maxx.com\/gc2026\/wp-content\/uploads\/2024\/03\/team-image-768x424.jpg 768w, https:\/\/3maxx.com\/gc2026\/wp-content\/uploads\/2024\/03\/team-image-18x10.jpg 18w, https:\/\/3maxx.com\/gc2026\/wp-content\/uploads\/2024\/03\/team-image-450x248.jpg 450w, https:\/\/3maxx.com\/gc2026\/wp-content\/uploads\/2024\/03\/team-image-800x441.jpg 800w\" sizes=\"(max-width: 1200px) 100vw, 1200px\" \/>\t\t\t\t\t\t\t\t\t\t\t\t\t\t\t<\/div>\n\t\t\t\t<\/div>\n\t\t\t\t<div class=\"elementor-element elementor-element-f302425 elementor-widget elementor-widget-text-editor\" data-id=\"f302425\" data-element_type=\"widget\" data-e-type=\"widget\" data-widget_type=\"text-editor.default\">\n\t\t\t\t<div class=\"elementor-widget-container\">\n\t\t\t\t\t\t\t\t\t<p style=\"text-align: right;\">Mitbegr\u00fcnder Aki Huck und Gesch\u00e4ftsf\u00fchrerin Anna Vollborth<\/p>\t\t\t\t\t\t\t\t<\/div>\n\t\t\t\t<\/div>\n\t\t\t\t\t<\/div>\n\t\t<\/div>\n\t\t\t\t<div class=\"elementor-column elementor-col-50 elementor-top-column elementor-element elementor-element-24c4481\" data-id=\"24c4481\" data-element_type=\"column\" data-e-type=\"column\">\n\t\t\t<div class=\"elementor-widget-wrap elementor-element-populated\">\n\t\t\t\t\t\t<div class=\"elementor-element elementor-element-5903775 elementor-widget elementor-widget-text-editor\" data-id=\"5903775\" data-element_type=\"widget\" data-e-type=\"widget\" data-widget_type=\"text-editor.default\">\n\t\t\t\t<div class=\"elementor-widget-container\">\n\t\t\t\t\t\t\t\t\t<p>Wir sind der europ\u00e4ische Vertriebspartner f\u00fcr rezirkulierende Tiefwasserkultursysteme von HydraMax. Green Cult steht f\u00fcr moderne Hydroponik-Systeme, die den Anbau von Pflanzen effizienter, sauberer und produktiver machen - ohne Erde.<\/p><p>Unser patentiertes HydraMax-System ist speziell auf die Bed\u00fcrfnisse von Heimanbauern, Social Clubs und kommerziellen Anbauprojekten zugeschnitten. Wir kombinieren technische Innovation mit nachhaltigen L\u00f6sungen f\u00fcr den Indoor-Anbau. Lern uns kennen, erkunde unsere Vision und entdecke, wie Green Cult den Anbau neu definiert.<\/p>\t\t\t\t\t\t\t\t<\/div>\n\t\t\t\t<\/div>\n\t\t\t\t\t<\/div>\n\t\t<\/div>\n\t\t\t\t\t<\/div>\n\t\t<\/section>\n\t\t\t\t<section class=\"elementor-section elementor-top-section elementor-element elementor-element-385b5622 elementor-section-boxed elementor-section-height-default elementor-section-height-default\" data-id=\"385b5622\" data-element_type=\"section\" data-e-type=\"section\">\n\t\t\t\t\t\t<div class=\"elementor-container elementor-column-gap-default\">\n\t\t\t\t\t<div class=\"elementor-column elementor-col-100 elementor-top-column elementor-element elementor-element-4c7a855\" data-id=\"4c7a855\" data-element_type=\"column\" data-e-type=\"column\">\n\t\t\t<div class=\"elementor-widget-wrap elementor-element-populated\">\n\t\t\t\t\t\t<div class=\"elementor-element elementor-element-729025e1 elementor-widget-mobile__width-initial elementor-widget elementor-widget-text-editor\" data-id=\"729025e1\" data-element_type=\"widget\" data-e-type=\"widget\" data-widget_type=\"text-editor.default\">\n\t\t\t\t<div class=\"elementor-widget-container\">\n\t\t\t\t\t\t\t\t\t<p><strong>Das HydraMax Hydroponiksystem: Dein Schl\u00fcssel zum Erfolg<\/strong><\/p><p>Unser Hauptprodukt, das HydraMax Hydroponiksystem, ist das Herzst\u00fcck unserer Produkte. Wir bieten sowohl HOME-, PRO- als auch COMMERCIAL-Systeme an, die auf die individuellen Bed\u00fcrfnisse jedes Z\u00fcchters oder Betriebs zugeschnitten sind, vom Hobbyg\u00e4rtner \u00fcber den Profi bis hin zum Unternehmen. Mit dem HydraMax-System kannst du bemerkenswerte Ertr\u00e4ge und eine unvergleichliche Pflanzengesundheit erzielen, w\u00e4hrend du gleichzeitig Ressourcen sparst und die Umweltbelastung reduzierst.<\/p><p><strong>Jenseits von Hydroponik: Umfassende L\u00f6sungen f\u00fcr deinen Erfolg<\/strong><\/p><p>Bei Green Cult geht es nicht nur um hydroponische Systeme; wir sind dein One-Stop-Shop f\u00fcr all deine Anbaubed\u00fcrfnisse. Wir bieten eine breite Palette sorgf\u00e4ltig ausgew\u00e4hlter Produkte und Dienstleistungen, darunter automatische Dosiersysteme und  K\u00fchlaggregate. Unser Ziel ist es, dich mit den Werkzeugen und dem Fachwissen auszustatten, die du f\u00fcr einen erfolgreichen und nachhaltigen Anbau ben\u00f6tigst.<\/p><p><strong>Horizonte erweitern: Mehr Artikel folgen in K\u00fcrze<\/strong><\/p><p>Als Pioniere in der Branche haben wir die Zukunft fest im Blick. Green Cult ist bestrebt, sein Produktangebot zu erweitern, um die sich entwickelnden Bed\u00fcrfnisse seiner Kunden zu erf\u00fcllen. Wir arbeiten aktiv an der Erweiterung unseres Angebotes f\u00fcr den professionellen Indoor Anbau. Unser Ziel ist es, Z\u00fcchtern und Anbauern optimale wie sorgf\u00e4ltig selektierte Peripherie anzubieten, um sicherzustellen, dass sie in diesem dynamischen Bereich jederzeit \u00fcber eine fortschrittliche und effiziente Anlage verf\u00fcgen oder \u00fcber uns beziehen k\u00f6nnen.<\/p><p><strong>Sitz in Ulm, Deutschland: Dein zuverl\u00e4ssiger Partner<\/strong><\/p><p>Mit Sitz in Ulm, Deutschland, ist Green Cult gut positioniert, um unsere M\u00e4rkte in Europa auf kurzen Wegen zu bedienen. Unser engagiertes Team unter der Leitung von Anna Vollborth und unserem Green Designer Aki Huck ist bestrebt, unseren Kunden unvergleichliche Unterst\u00fctzung und fachkundige Beratung zu bieten.<\/p><p>Wir von Green Cult sind mehr als ein Hydroponik-Unternehmen; wir sind deine Partner bei der Kultivierung von Erfolg. Begleite uns auf dieser spannenden Reise in eine gr\u00fcnere, nachhaltigere Zukunft des Pflanzenanbaus. Erlebe Innovation, Expertise und Kompetenz wie nie zuvor mit Green Cult, deinem vertrauensw\u00fcrdigen Anbieter von Hydroponik-L\u00f6sungen.<\/p>\t\t\t\t\t\t\t\t<\/div>\n\t\t\t\t<\/div>\n\t\t\t\t\t<\/div>\n\t\t<\/div>\n\t\t\t\t\t<\/div>\n\t\t<\/section>\n\t\t\t\t<section class=\"elementor-section elementor-top-section elementor-element elementor-element-893ccf5 elementor-section-boxed elementor-section-height-default elementor-section-height-default\" data-id=\"893ccf5\" data-element_type=\"section\" data-e-type=\"section\">\n\t\t\t\t\t\t<div class=\"elementor-container elementor-column-gap-default\">\n\t\t\t\t\t<div class=\"elementor-column elementor-col-100 elementor-top-column elementor-element elementor-element-1ff58e1\" data-id=\"1ff58e1\" data-element_type=\"column\" data-e-type=\"column\">\n\t\t\t<div class=\"elementor-widget-wrap elementor-element-populated\">\n\t\t\t\t\t\t<div class=\"elementor-element elementor-element-223afa5a elementor-widget elementor-widget-image\" data-id=\"223afa5a\" data-element_type=\"widget\" data-e-type=\"widget\" data-widget_type=\"image.default\">\n\t\t\t\t<div class=\"elementor-widget-container\">\n\t\t\t\t\t\t\t\t\t\t\t\t\t\t\t<img decoding=\"async\" width=\"800\" height=\"22\" src=\"https:\/\/3maxx.com\/gc2026\/wp-content\/uploads\/2022\/11\/divider2.png\" class=\"attachment-large size-large wp-image-10085\" alt=\"\" srcset=\"https:\/\/3maxx.com\/gc2026\/wp-content\/uploads\/2022\/11\/divider2.png 1000w, https:\/\/3maxx.com\/gc2026\/wp-content\/uploads\/2022\/11\/divider2-300x8.png 300w, https:\/\/3maxx.com\/gc2026\/wp-content\/uploads\/2022\/11\/divider2-768x21.png 768w, https:\/\/3maxx.com\/gc2026\/wp-content\/uploads\/2022\/11\/divider2-450x12.png 450w, https:\/\/3maxx.com\/gc2026\/wp-content\/uploads\/2022\/11\/divider2-800x22.png 800w\" sizes=\"(max-width: 800px) 100vw, 800px\" \/>\t\t\t\t\t\t\t\t\t\t\t\t\t\t\t<\/div>\n\t\t\t\t<\/div>\n\t\t\t\t<div class=\"elementor-element elementor-element-228395d8 elementor-widget elementor-widget-spacer\" data-id=\"228395d8\" data-element_type=\"widget\" data-e-type=\"widget\" data-widget_type=\"spacer.default\">\n\t\t\t\t<div class=\"elementor-widget-container\">\n\t\t\t\t\t\t\t<div class=\"elementor-spacer\">\n\t\t\t<div class=\"elementor-spacer-inner\"><\/div>\n\t\t<\/div>\n\t\t\t\t\t\t<\/div>\n\t\t\t\t<\/div>\n\t\t\t\t\t<\/div>\n\t\t<\/div>\n\t\t\t\t\t<\/div>\n\t\t<\/section>\n\t\t\t\t<\/div>","protected":false},"excerpt":{"rendered":"<p>Green Cult &#8211; Hydroponic Systems and Accessories for your professional Grow Innovative hydroponic solutions for your Indoor Grow Co-Founder Aki Huck and Managing Director Anna Vollborth We are the European sales partner for Recirculating Deep Water Culture systems from HydraMax. Green Cult stands for modern hydroponic systems that make growing of plants more efficient, cleaner, [&hellip;]<\/p>\n","protected":false},"author":1,"featured_media":0,"parent":0,"menu_order":0,"comment_status":"closed","ping_status":"closed","template":"","meta":{"footnotes":""},"class_list":["post-12718","page","type-page","status-publish","hentry"],"_links":{"self":[{"href":"https:\/\/3maxx.com\/gc2026\/de\/wp-json\/wp\/v2\/pages\/12718","targetHints":{"allow":["GET"]}}],"collection":[{"href":"https:\/\/3maxx.com\/gc2026\/de\/wp-json\/wp\/v2\/pages"}],"about":[{"href":"https:\/\/3maxx.com\/gc2026\/de\/wp-json\/wp\/v2\/types\/page"}],"author":[{"embeddable":true,"href":"https:\/\/3maxx.com\/gc2026\/de\/wp-json\/wp\/v2\/users\/1"}],"replies":[{"embeddable":true,"href":"https:\/\/3maxx.com\/gc2026\/de\/wp-json\/wp\/v2\/comments?post=12718"}],"version-history":[{"count":13,"href":"https:\/\/3maxx.com\/gc2026\/de\/wp-json\/wp\/v2\/pages\/12718\/revisions"}],"predecessor-version":[{"id":17102,"href":"https:\/\/3maxx.com\/gc2026\/de\/wp-json\/wp\/v2\/pages\/12718\/revisions\/17102"}],"wp:attachment":[{"href":"https:\/\/3maxx.com\/gc2026\/de\/wp-json\/wp\/v2\/media?parent=12718"}],"curies":[{"name":"wp","href":"https:\/\/api.w.org\/{rel}","templated":true}]}}