{"id":15526,"date":"2024-09-02T10:59:00","date_gmt":"2024-09-02T08:59:00","guid":{"rendered":"https:\/\/3maxx.com\/gc2026\/?page_id=15526"},"modified":"2024-09-02T13:49:51","modified_gmt":"2024-09-02T11:49:51","slug":"shipping-costs","status":"publish","type":"page","link":"https:\/\/3maxx.com\/gc2026\/de\/shipping-costs\/","title":{"rendered":"Versandkosten"},"content":{"rendered":"<div data-elementor-type=\"wp-page\" data-elementor-id=\"15526\" class=\"elementor elementor-15526\">\n\t\t\t\t\t\t<section class=\"elementor-section elementor-top-section elementor-element elementor-element-517b06db elementor-section-boxed elementor-section-height-default elementor-section-height-default\" data-id=\"517b06db\" data-element_type=\"section\" data-e-type=\"section\">\n\t\t\t\t\t\t<div class=\"elementor-container elementor-column-gap-default\">\n\t\t\t\t\t<div class=\"elementor-column elementor-col-100 elementor-top-column elementor-element elementor-element-60b16d91\" data-id=\"60b16d91\" data-element_type=\"column\" data-e-type=\"column\">\n\t\t\t<div class=\"elementor-widget-wrap elementor-element-populated\">\n\t\t\t\t\t\t<div class=\"elementor-element elementor-element-bb53534 elementor-widget elementor-widget-heading\" data-id=\"bb53534\" data-element_type=\"widget\" data-e-type=\"widget\" data-widget_type=\"heading.default\">\n\t\t\t\t<div class=\"elementor-widget-container\">\n\t\t\t\t\t<h2 class=\"elementor-heading-title elementor-size-default\">Versandkosten<\/h2>\t\t\t\t<\/div>\n\t\t\t\t<\/div>\n\t\t\t\t<div class=\"elementor-element elementor-element-6b09096e elementor-widget elementor-widget-text-editor\" data-id=\"6b09096e\" data-element_type=\"widget\" data-e-type=\"widget\" data-widget_type=\"text-editor.default\">\n\t\t\t\t<div class=\"elementor-widget-container\">\n\t\t\t\t\t\t\t\t\t<p><\/p>\n<p>Die Preise verstehen sich ab Lager Deutschland, netto, ohne jeden Abzug und zuz\u00fcglich der gesetzlichen Mehrwertsteuer.<\/p>\n<p>Die Versandkosten sind abh\u00e4ngig von den Ma\u00dfen und dem Gewicht der Artikel. Daher k\u00f6nnen die tats\u00e4chlichen Versandkosten von den hier aufgef\u00fchrten abweichen. Sollte dies der Fall sein, werden wir Sie vorab oder zum Zeitpunkt des Versands und der Ausstellung des Lieferscheins\/der Rechnung darauf hinweisen.<\/p>\n<p><strong>Innerhalb von Deutschland<\/strong><\/p>\n<ul>\n<li>Pakete (via DHL, DPD, UPS): F\u00fcr Pakete bis 31,5 kg wird eine Versandkostenpauschale von 9,85 \u20ac erhoben. Ab einem Bestellwert von 199 \u20ac ist der Versand kostenlos.<\/li>\n<li>Paletten\/Sperrgut (per Spedition): Der Versand wird zum Tagessatz berechnet, wobei der Standardtarif f\u00fcr eine Palette \u00fcber eine Spedition 110 \u20ac betr\u00e4gt. Wir teilen Ihnen die Kosten im Voraus mit. F\u00fcr Paletten mit einem Einkaufswert \u00fcber 599 \u20ac ist der Versand kostenlos.<\/li>\n<\/ul>\n<p>Besch\u00e4digte Sendungen melden Sie bitte sofort dem Zusteller (Postbote oder Spediteur) mit einem Foto. F\u00fcr Reklamationen ist ein \u201eBericht \u00fcber den Erhalt einer besch\u00e4digten Sendung\u201c erforderlich. F\u00fcllen Sie diesen Bericht in Ihrer Postfiliale aus und lassen Sie ihn unterschreiben.<\/p>\n<p><strong>Innerhalb der EU und International:<\/strong><\/p>\n<ul>\n<li>Pakete: F\u00fcr die L\u00e4ndergruppen A, B und C sind Pakete bis 32 kg bei einem Bestellwert von 399 \u20ac versandkostenfrei.<\/li>\n<li>Paletten\/Sperrgut (per Spedition): Der Versand wird zum Tagessatz berechnet. Wir informieren Sie vorab \u00fcber die Kosten.<\/li>\n<\/ul>\n<p><\/p>\t\t\t\t\t\t\t\t<\/div>\n\t\t\t\t<\/div>\n\t\t\t\t<div class=\"elementor-element elementor-element-7cd6bfe elementor-widget elementor-widget-image\" data-id=\"7cd6bfe\" data-element_type=\"widget\" data-e-type=\"widget\" data-widget_type=\"image.default\">\n\t\t\t\t<div class=\"elementor-widget-container\">\n\t\t\t\t\t\t\t\t\t\t\t\t\t\t\t<img decoding=\"async\" width=\"800\" height=\"618\" src=\"https:\/\/3maxx.com\/gc2026\/wp-content\/uploads\/2024\/09\/versandkosten.png\" class=\"attachment-large size-large wp-image-15528\" alt=\"\" srcset=\"https:\/\/3maxx.com\/gc2026\/wp-content\/uploads\/2024\/09\/versandkosten.png 808w, https:\/\/3maxx.com\/gc2026\/wp-content\/uploads\/2024\/09\/versandkosten-300x244.png 300w, https:\/\/3maxx.com\/gc2026\/wp-content\/uploads\/2024\/09\/versandkosten-768x625.png 768w, https:\/\/3maxx.com\/gc2026\/wp-content\/uploads\/2024\/09\/versandkosten-15x12.png 15w, https:\/\/3maxx.com\/gc2026\/wp-content\/uploads\/2024\/09\/versandkosten-450x366.png 450w, https:\/\/3maxx.com\/gc2026\/wp-content\/uploads\/2024\/09\/versandkosten-800x651.png 800w\" sizes=\"(max-width: 800px) 100vw, 800px\" \/>\t\t\t\t\t\t\t\t\t\t\t\t\t\t\t<\/div>\n\t\t\t\t<\/div>\n\t\t\t\t\t<\/div>\n\t\t<\/div>\n\t\t\t\t\t<\/div>\n\t\t<\/section>\n\t\t\t\t<\/div>","protected":false},"excerpt":{"rendered":"<p>Shipping costs Prices are ex-warehouse in Germany, net, without any deductions, and are subject to statutory VAT. Shipping costs depend on the dimensions and weight of the items. As a result, the actual shipping costs may differ from those listed here. If this occurs, we will notify you in advance or at the time of [&hellip;]<\/p>\n","protected":false},"author":1,"featured_media":0,"parent":0,"menu_order":0,"comment_status":"closed","ping_status":"closed","template":"","meta":{"footnotes":""},"class_list":["post-15526","page","type-page","status-publish","hentry"],"_links":{"self":[{"href":"https:\/\/3maxx.com\/gc2026\/de\/wp-json\/wp\/v2\/pages\/15526","targetHints":{"allow":["GET"]}}],"collection":[{"href":"https:\/\/3maxx.com\/gc2026\/de\/wp-json\/wp\/v2\/pages"}],"about":[{"href":"https:\/\/3maxx.com\/gc2026\/de\/wp-json\/wp\/v2\/types\/page"}],"author":[{"embeddable":true,"href":"https:\/\/3maxx.com\/gc2026\/de\/wp-json\/wp\/v2\/users\/1"}],"replies":[{"embeddable":true,"href":"https:\/\/3maxx.com\/gc2026\/de\/wp-json\/wp\/v2\/comments?post=15526"}],"version-history":[{"count":1,"href":"https:\/\/3maxx.com\/gc2026\/de\/wp-json\/wp\/v2\/pages\/15526\/revisions"}],"predecessor-version":[{"id":16533,"href":"https:\/\/3maxx.com\/gc2026\/de\/wp-json\/wp\/v2\/pages\/15526\/revisions\/16533"}],"wp:attachment":[{"href":"https:\/\/3maxx.com\/gc2026\/de\/wp-json\/wp\/v2\/media?parent=15526"}],"curies":[{"name":"wp","href":"https:\/\/api.w.org\/{rel}","templated":true}]}}