{"id":15868,"date":"2024-11-21T10:55:49","date_gmt":"2024-11-21T09:55:49","guid":{"rendered":"https:\/\/3maxx.com\/gc2026\/?page_id=15868"},"modified":"2026-02-17T14:27:59","modified_gmt":"2026-02-17T13:27:59","slug":"hydramax-commercial-system","status":"publish","type":"page","link":"https:\/\/3maxx.com\/gc2026\/de\/hydramax-commercial-system\/","title":{"rendered":"COMMERCIAL System"},"content":{"rendered":"<div data-elementor-type=\"wp-page\" data-elementor-id=\"15868\" class=\"elementor elementor-15868\">\n\t\t\t\t\t\t<section class=\"elementor-section elementor-top-section elementor-element elementor-element-332ba2e elementor-section-boxed elementor-section-height-default elementor-section-height-default\" data-id=\"332ba2e\" data-element_type=\"section\" data-e-type=\"section\">\n\t\t\t\t\t\t<div class=\"elementor-container elementor-column-gap-default\">\n\t\t\t\t\t<div class=\"elementor-column elementor-col-50 elementor-top-column elementor-element elementor-element-19d1c20\" data-id=\"19d1c20\" data-element_type=\"column\" data-e-type=\"column\" data-settings=\"{&quot;background_background&quot;:&quot;classic&quot;}\">\n\t\t\t<div class=\"elementor-widget-wrap elementor-element-populated\">\n\t\t\t\t\t\t<div class=\"elementor-element elementor-element-d588f5f elementor-widget elementor-widget-heading\" data-id=\"d588f5f\" data-element_type=\"widget\" data-e-type=\"widget\" data-widget_type=\"heading.default\">\n\t\t\t\t<div class=\"elementor-widget-container\">\n\t\t\t\t\t<h2 class=\"elementor-heading-title elementor-size-default\">HydraMax \nCOMMERCIAL <\/h2>\t\t\t\t<\/div>\n\t\t\t\t<\/div>\n\t\t\t\t\t<\/div>\n\t\t<\/div>\n\t\t\t\t<div class=\"elementor-column elementor-col-50 elementor-top-column elementor-element elementor-element-813e729\" data-id=\"813e729\" data-element_type=\"column\" data-e-type=\"column\" data-settings=\"{&quot;background_background&quot;:&quot;classic&quot;}\">\n\t\t\t<div class=\"elementor-widget-wrap elementor-element-populated\">\n\t\t\t\t\t\t<div class=\"elementor-element elementor-element-9f92c79 elementor-widget elementor-widget-heading\" data-id=\"9f92c79\" data-element_type=\"widget\" data-e-type=\"widget\" data-widget_type=\"heading.default\">\n\t\t\t\t<div class=\"elementor-widget-container\">\n\t\t\t\t\t<h2 class=\"elementor-heading-title elementor-size-default\">Gro\u00dffl\u00e4chige Hydroponiksysteme f\u00fcr professionelle Z\u00fcchter  \u2013 HydraMax COMMERCIAL<\/h2>\t\t\t\t<\/div>\n\t\t\t\t<\/div>\n\t\t\t\t\t<\/div>\n\t\t<\/div>\n\t\t\t\t\t<\/div>\n\t\t<\/section>\n\t\t\t\t<section class=\"elementor-section elementor-top-section elementor-element elementor-element-a702241 elementor-section-boxed elementor-section-height-default elementor-section-height-default\" data-id=\"a702241\" data-element_type=\"section\" data-e-type=\"section\">\n\t\t\t\t\t\t<div class=\"elementor-container elementor-column-gap-default\">\n\t\t\t\t\t<div class=\"elementor-column elementor-col-50 elementor-top-column elementor-element elementor-element-6d0a446\" data-id=\"6d0a446\" data-element_type=\"column\" data-e-type=\"column\">\n\t\t\t<div class=\"elementor-widget-wrap elementor-element-populated\">\n\t\t\t\t\t\t<div class=\"elementor-element elementor-element-e48e18a elementor-widget elementor-widget-text-editor\" data-id=\"e48e18a\" data-element_type=\"widget\" data-e-type=\"widget\" data-widget_type=\"text-editor.default\">\n\t\t\t\t<div class=\"elementor-widget-container\">\n\t\t\t\t\t\t\t\t\t<p>Du planst ein kommerzielles Gem\u00fcse-Projekt oder den Einstieg in eine gro\u00dffl\u00e4chige Pflanzen-Kultivierung? Dann bietet dir Green Cult mit HydraMax COMMERCIAL das richtige System.<\/p><p>Unsere Hydroponik-Gro\u00dfanlagen sind vollst\u00e4ndig modular, individuell planbar und skalierbar. Egal, ob du eine neue Produktionsst\u00e4tte aufbaust oder bestehende Strukturen modernisieren m\u00f6chtest \u2013 wir begleiten dich bei Planung, Installation und Betrieb.<\/p><p>Dank des patentierten Venturi Zirkulators und pr\u00e4ziser N\u00e4hrstoffkontrolle erreichst du h\u00f6chste Ertr\u00e4ge auf professionellem Niveau \u2013 bei reduziertem Wasser- und Arbeitsaufwand.<\/p><p>\ud83c\udf31 Ideal f\u00fcr:<\/p><ul><li>Gewerbliche Indoor-Anlagen<\/li><li>Anbauprojekte im gro\u00dfen Ma\u00dfstab<\/li><\/ul>\t\t\t\t\t\t\t\t<\/div>\n\t\t\t\t<\/div>\n\t\t\t\t\t<\/div>\n\t\t<\/div>\n\t\t\t\t<div class=\"elementor-column elementor-col-50 elementor-top-column elementor-element elementor-element-3c452de\" data-id=\"3c452de\" data-element_type=\"column\" data-e-type=\"column\">\n\t\t\t<div class=\"elementor-widget-wrap elementor-element-populated\">\n\t\t\t\t\t\t<div class=\"elementor-element elementor-element-d9c85d3 elementor-widget elementor-widget-image\" data-id=\"d9c85d3\" data-element_type=\"widget\" data-e-type=\"widget\" data-widget_type=\"image.default\">\n\t\t\t\t<div class=\"elementor-widget-container\">\n\t\t\t\t\t\t\t\t\t\t\t\t\t\t\t<img decoding=\"async\" width=\"700\" height=\"352\" src=\"https:\/\/3maxx.com\/gc2026\/wp-content\/uploads\/2023\/02\/dwc-commercial-systems.png\" class=\"attachment-large size-large wp-image-11152\" alt=\"large array of hydramax bucket connected to each other\" srcset=\"https:\/\/3maxx.com\/gc2026\/wp-content\/uploads\/2023\/02\/dwc-commercial-systems.png 700w, https:\/\/3maxx.com\/gc2026\/wp-content\/uploads\/2023\/02\/dwc-commercial-systems-300x151.png 300w, https:\/\/3maxx.com\/gc2026\/wp-content\/uploads\/2023\/02\/dwc-commercial-systems-18x9.png 18w, https:\/\/3maxx.com\/gc2026\/wp-content\/uploads\/2023\/02\/dwc-commercial-systems-450x226.png 450w\" sizes=\"(max-width: 700px) 100vw, 700px\" \/>\t\t\t\t\t\t\t\t\t\t\t\t\t\t\t<\/div>\n\t\t\t\t<\/div>\n\t\t\t\t<div class=\"elementor-element elementor-element-aec0654 elementor-widget elementor-widget-text-editor\" data-id=\"aec0654\" data-element_type=\"widget\" data-e-type=\"widget\" data-widget_type=\"text-editor.default\">\n\t\t\t\t<div class=\"elementor-widget-container\">\n\t\t\t\t\t\t\t\t\t<p>Wir unterst\u00fctzen dich bei konzeptionellen, technischen und wirtschaftlichen Fragen \u2013 von der ersten Idee bis zur Inbetriebnahme.<\/p><p>\ud83d\udc49 Jetzt unverbindlich Kontakt aufnehmen und dein Hydroponik-Gro\u00dfprojekt starten!<\/p>\t\t\t\t\t\t\t\t<\/div>\n\t\t\t\t<\/div>\n\t\t\t\t<div class=\"elementor-element elementor-element-92df0e8 elementor-align-center elementor-button-success elementor-widget elementor-widget-button\" data-id=\"92df0e8\" data-element_type=\"widget\" data-e-type=\"widget\" data-widget_type=\"button.default\">\n\t\t\t\t<div class=\"elementor-widget-container\">\n\t\t\t\t\t\t\t\t\t<div class=\"elementor-button-wrapper\">\n\t\t\t\t\t<a class=\"elementor-button elementor-button-link elementor-size-lg elementor-animation-grow\" href=\"https:\/\/3maxx.com\/gc2026\/de\/contact\/\">\n\t\t\t\t\t\t<span class=\"elementor-button-content-wrapper\">\n\t\t\t\t\t\t<span class=\"elementor-button-icon\">\n\t\t\t\t<i aria-hidden=\"true\" class=\"organey-icon- organey-icon-envelope\"><\/i>\t\t\t<\/span>\n\t\t\t\t\t\t\t\t\t<span class=\"elementor-button-text\">Kontaktiere uns f\u00fcr COMMERCIAL Anfragen<\/span>\n\t\t\t\t\t<\/span>\n\t\t\t\t\t<\/a>\n\t\t\t\t<\/div>\n\t\t\t\t\t\t\t\t<\/div>\n\t\t\t\t<\/div>\n\t\t\t\t\t<\/div>\n\t\t<\/div>\n\t\t\t\t\t<\/div>\n\t\t<\/section>\n\t\t\t\t<section class=\"elementor-section elementor-top-section elementor-element elementor-element-d20318f elementor-section-boxed elementor-section-height-default elementor-section-height-default\" data-id=\"d20318f\" data-element_type=\"section\" data-e-type=\"section\">\n\t\t\t\t\t\t<div class=\"elementor-container elementor-column-gap-default\">\n\t\t\t\t\t<div class=\"elementor-column elementor-col-100 elementor-top-column elementor-element elementor-element-23f91a3\" data-id=\"23f91a3\" data-element_type=\"column\" data-e-type=\"column\">\n\t\t\t<div class=\"elementor-widget-wrap elementor-element-populated\">\n\t\t\t\t\t\t<div class=\"elementor-element elementor-element-53ff5bb elementor-widget elementor-widget-image\" data-id=\"53ff5bb\" data-element_type=\"widget\" data-e-type=\"widget\" data-widget_type=\"image.default\">\n\t\t\t\t<div class=\"elementor-widget-container\">\n\t\t\t\t\t\t\t\t\t\t\t\t\t\t\t<img decoding=\"async\" width=\"1200\" height=\"657\" src=\"https:\/\/3maxx.com\/gc2026\/wp-content\/uploads\/2026\/02\/vegetables-1.jpg\" class=\"attachment-full size-full wp-image-17037\" alt=\"\" srcset=\"https:\/\/3maxx.com\/gc2026\/wp-content\/uploads\/2026\/02\/vegetables-1.jpg 1200w, https:\/\/3maxx.com\/gc2026\/wp-content\/uploads\/2026\/02\/vegetables-1-300x164.jpg 300w, https:\/\/3maxx.com\/gc2026\/wp-content\/uploads\/2026\/02\/vegetables-1-1024x561.jpg 1024w, https:\/\/3maxx.com\/gc2026\/wp-content\/uploads\/2026\/02\/vegetables-1-768x420.jpg 768w, https:\/\/3maxx.com\/gc2026\/wp-content\/uploads\/2026\/02\/vegetables-1-18x10.jpg 18w, https:\/\/3maxx.com\/gc2026\/wp-content\/uploads\/2026\/02\/vegetables-1-450x246.jpg 450w, https:\/\/3maxx.com\/gc2026\/wp-content\/uploads\/2026\/02\/vegetables-1-800x438.jpg 800w\" sizes=\"(max-width: 1200px) 100vw, 1200px\" \/>\t\t\t\t\t\t\t\t\t\t\t\t\t\t\t<\/div>\n\t\t\t\t<\/div>\n\t\t\t\t\t<\/div>\n\t\t<\/div>\n\t\t\t\t\t<\/div>\n\t\t<\/section>\n\t\t\t\t<section class=\"elementor-section elementor-top-section elementor-element elementor-element-18f0672 elementor-section-boxed elementor-section-height-default elementor-section-height-default\" data-id=\"18f0672\" data-element_type=\"section\" data-e-type=\"section\">\n\t\t\t\t\t\t<div class=\"elementor-container elementor-column-gap-default\">\n\t\t\t\t\t<div class=\"elementor-column elementor-col-100 elementor-top-column elementor-element elementor-element-5b638de\" data-id=\"5b638de\" data-element_type=\"column\" data-e-type=\"column\">\n\t\t\t<div class=\"elementor-widget-wrap\">\n\t\t\t\t\t\t\t<\/div>\n\t\t<\/div>\n\t\t\t\t\t<\/div>\n\t\t<\/section>\n\t\t\t\t<section class=\"elementor-section elementor-top-section elementor-element elementor-element-12a4139 elementor-section-stretched elementor-section-boxed elementor-section-height-default elementor-section-height-default\" data-id=\"12a4139\" data-element_type=\"section\" data-e-type=\"section\" data-settings=\"{&quot;stretch_section&quot;:&quot;section-stretched&quot;}\">\n\t\t\t\t\t\t<div class=\"elementor-container elementor-column-gap-default\">\n\t\t\t\t\t<div class=\"elementor-column elementor-col-50 elementor-top-column elementor-element elementor-element-7616352\" data-id=\"7616352\" data-element_type=\"column\" data-e-type=\"column\">\n\t\t\t<div class=\"elementor-widget-wrap elementor-element-populated\">\n\t\t\t\t\t\t<div class=\"elementor-element elementor-element-1470c0e elementor-widget elementor-widget-progress\" data-id=\"1470c0e\" data-element_type=\"widget\" data-e-type=\"widget\" data-widget_type=\"progress.default\">\n\t\t\t\t<div class=\"elementor-widget-container\">\n\t\t\t\t\t\n\t\t<div class=\"elementor-progress-wrapper\" role=\"progressbar\" aria-valuemin=\"0\" aria-valuemax=\"100\" aria-valuenow=\"100\" aria-valuetext=\"100% (52% Less Water Usage)\">\n\t\t\t<div class=\"elementor-progress-bar\" data-max=\"100\">\n\t\t\t\t<span class=\"elementor-progress-text\">52% weniger Wasserverbrauch<\/span>\n\t\t\t\t\t\t\t<\/div>\n\t\t<\/div>\n\t\t\t\t\t\t<\/div>\n\t\t\t\t<\/div>\n\t\t\t\t<div class=\"elementor-element elementor-element-17050ae elementor-widget elementor-widget-progress\" data-id=\"17050ae\" data-element_type=\"widget\" data-e-type=\"widget\" data-widget_type=\"progress.default\">\n\t\t\t\t<div class=\"elementor-widget-container\">\n\t\t\t\t\t\n\t\t<div class=\"elementor-progress-wrapper\" role=\"progressbar\" aria-valuemin=\"0\" aria-valuemax=\"100\" aria-valuenow=\"100\" aria-valuetext=\"100% (50% Faster Grows)\">\n\t\t\t<div class=\"elementor-progress-bar\" data-max=\"100\">\n\t\t\t\t<span class=\"elementor-progress-text\">50% schnelleres Wachstum<\/span>\n\t\t\t\t\t\t\t<\/div>\n\t\t<\/div>\n\t\t\t\t\t\t<\/div>\n\t\t\t\t<\/div>\n\t\t\t\t<div class=\"elementor-element elementor-element-fa141df elementor-widget elementor-widget-progress\" data-id=\"fa141df\" data-element_type=\"widget\" data-e-type=\"widget\" data-widget_type=\"progress.default\">\n\t\t\t\t<div class=\"elementor-widget-container\">\n\t\t\t\t\t\n\t\t<div class=\"elementor-progress-wrapper\" role=\"progressbar\" aria-valuemin=\"0\" aria-valuemax=\"100\" aria-valuenow=\"100\" aria-valuetext=\"100% (99% Less Waist Consumption)\">\n\t\t\t<div class=\"elementor-progress-bar\" data-max=\"100\">\n\t\t\t\t<span class=\"elementor-progress-text\">99% weniger Abfall<\/span>\n\t\t\t\t\t\t\t<\/div>\n\t\t<\/div>\n\t\t\t\t\t\t<\/div>\n\t\t\t\t<\/div>\n\t\t\t\t<div class=\"elementor-element elementor-element-0f0ad1c elementor-widget elementor-widget-progress\" data-id=\"0f0ad1c\" data-element_type=\"widget\" data-e-type=\"widget\" data-widget_type=\"progress.default\">\n\t\t\t\t<div class=\"elementor-widget-container\">\n\t\t\t\t\t\n\t\t<div class=\"elementor-progress-wrapper\" role=\"progressbar\" aria-valuemin=\"0\" aria-valuemax=\"100\" aria-valuenow=\"100\" aria-valuetext=\"100% (Up to 4 Yields per Year)\">\n\t\t\t<div class=\"elementor-progress-bar\" data-max=\"100\">\n\t\t\t\t<span class=\"elementor-progress-text\">Bis zu 4 Ertragsernten pro Jahr<\/span>\n\t\t\t\t\t\t\t<\/div>\n\t\t<\/div>\n\t\t\t\t\t\t<\/div>\n\t\t\t\t<\/div>\n\t\t\t\t<div class=\"elementor-element elementor-element-ef9e243 elementor-widget elementor-widget-progress\" data-id=\"ef9e243\" data-element_type=\"widget\" data-e-type=\"widget\" data-widget_type=\"progress.default\">\n\t\t\t\t<div class=\"elementor-widget-container\">\n\t\t\t\t\t\n\t\t<div class=\"elementor-progress-wrapper\" role=\"progressbar\" aria-valuemin=\"0\" aria-valuemax=\"100\" aria-valuenow=\"100\" aria-valuetext=\"100% (No Airstones, less Maintenance)\">\n\t\t\t<div class=\"elementor-progress-bar\" data-max=\"100\">\n\t\t\t\t<span class=\"elementor-progress-text\">Keine Sauerstoffsteine, weniger Wartung<\/span>\n\t\t\t\t\t\t\t<\/div>\n\t\t<\/div>\n\t\t\t\t\t\t<\/div>\n\t\t\t\t<\/div>\n\t\t\t\t\t<\/div>\n\t\t<\/div>\n\t\t\t\t<div class=\"elementor-column elementor-col-50 elementor-top-column elementor-element elementor-element-0359c3c\" data-id=\"0359c3c\" data-element_type=\"column\" data-e-type=\"column\">\n\t\t\t<div class=\"elementor-widget-wrap elementor-element-populated\">\n\t\t\t\t\t\t<div class=\"elementor-element elementor-element-4cec594 elementor-widget elementor-widget-image\" data-id=\"4cec594\" data-element_type=\"widget\" data-e-type=\"widget\" data-widget_type=\"image.default\">\n\t\t\t\t<div class=\"elementor-widget-container\">\n\t\t\t\t\t\t\t\t\t\t\t\t\t\t\t<img decoding=\"async\" src=\"https:\/\/3maxx.com\/gc2026\/wp-content\/uploads\/elementor\/thumbs\/umwelt-en-riw6nnq5c52dpz68t5v1hpyqfxxk0e4w9hs0vmfdms.png\" title=\"umwelt-en\" alt=\"icon\" loading=\"lazy\" \/>\t\t\t\t\t\t\t\t\t\t\t\t\t\t\t<\/div>\n\t\t\t\t<\/div>\n\t\t\t\t\t<\/div>\n\t\t<\/div>\n\t\t\t\t\t<\/div>\n\t\t<\/section>\n\t\t\t\t<section class=\"elementor-section elementor-top-section elementor-element elementor-element-ed745ce elementor-section-stretched elementor-section-boxed elementor-section-height-default elementor-section-height-default\" data-id=\"ed745ce\" data-element_type=\"section\" data-e-type=\"section\" data-settings=\"{&quot;stretch_section&quot;:&quot;section-stretched&quot;,&quot;background_background&quot;:&quot;classic&quot;}\">\n\t\t\t\t\t\t<div class=\"elementor-container elementor-column-gap-default\">\n\t\t\t\t\t<div class=\"elementor-column elementor-col-25 elementor-top-column elementor-element elementor-element-24f91c2\" data-id=\"24f91c2\" data-element_type=\"column\" data-e-type=\"column\">\n\t\t\t<div class=\"elementor-widget-wrap elementor-element-populated\">\n\t\t\t\t\t\t<div class=\"elementor-element elementor-element-ca11ca0 elementor-position-top elementor-widget elementor-widget-image-box\" data-id=\"ca11ca0\" data-element_type=\"widget\" data-e-type=\"widget\" data-widget_type=\"image-box.default\">\n\t\t\t\t<div class=\"elementor-widget-container\">\n\t\t\t\t\t<div class=\"elementor-image-box-wrapper\"><figure class=\"elementor-image-box-img\"><img decoding=\"async\" src=\"https:\/\/3maxx.com\/gc2026\/wp-content\/uploads\/2023\/11\/circulator-Lgold.png\" title=\"\" alt=\"\" loading=\"lazy\" \/><\/figure><div class=\"elementor-image-box-content\"><h3 class=\"elementor-image-box-title\">Venturi Zirkulatoren<\/h3><p class=\"elementor-image-box-description\">Sofortige Versorgung und keine Notwendigkeit f\u00fcr Sauerstoffsteine, die verstopfen und sich abbauen. Unser patentierter Zirkulator und Filter lassen sich zur Reinigung und Wartung leicht abnehmen.<\/p><\/div><\/div>\t\t\t\t<\/div>\n\t\t\t\t<\/div>\n\t\t\t\t\t<\/div>\n\t\t<\/div>\n\t\t\t\t<div class=\"elementor-column elementor-col-25 elementor-top-column elementor-element elementor-element-bb3cf8a\" data-id=\"bb3cf8a\" data-element_type=\"column\" data-e-type=\"column\">\n\t\t\t<div class=\"elementor-widget-wrap elementor-element-populated\">\n\t\t\t\t\t\t<div class=\"elementor-element elementor-element-898427f elementor-position-top elementor-widget elementor-widget-image-box\" data-id=\"898427f\" data-element_type=\"widget\" data-e-type=\"widget\" data-widget_type=\"image-box.default\">\n\t\t\t\t<div class=\"elementor-widget-container\">\n\t\t\t\t\t<div class=\"elementor-image-box-wrapper\"><figure class=\"elementor-image-box-img\"><img decoding=\"async\" src=\"https:\/\/3maxx.com\/gc2026\/wp-content\/uploads\/2023\/11\/raised-buckets-Lgold.png\" title=\"\" alt=\"\" loading=\"lazy\" \/><\/figure><div class=\"elementor-image-box-content\"><h3 class=\"elementor-image-box-title\">Erh\u00f6hte Konstruktion<\/h3><p class=\"elementor-image-box-description\">Dank der erh\u00f6hten Konstruktion k\u00f6nnen die Rohrleitungen unter den Beh\u00e4ltern verlegt werden, was wertvollen Bodenraum spart.<\/p><\/div><\/div>\t\t\t\t<\/div>\n\t\t\t\t<\/div>\n\t\t\t\t\t<\/div>\n\t\t<\/div>\n\t\t\t\t<div class=\"elementor-column elementor-col-25 elementor-top-column elementor-element elementor-element-d5c1bfc\" data-id=\"d5c1bfc\" data-element_type=\"column\" data-e-type=\"column\">\n\t\t\t<div class=\"elementor-widget-wrap elementor-element-populated\">\n\t\t\t\t\t\t<div class=\"elementor-element elementor-element-b2149fd elementor-position-top elementor-widget elementor-widget-image-box\" data-id=\"b2149fd\" data-element_type=\"widget\" data-e-type=\"widget\" data-widget_type=\"image-box.default\">\n\t\t\t\t<div class=\"elementor-widget-container\">\n\t\t\t\t\t<div class=\"elementor-image-box-wrapper\"><figure class=\"elementor-image-box-img\"><img decoding=\"async\" src=\"https:\/\/3maxx.com\/gc2026\/wp-content\/uploads\/2023\/11\/center-drain-Lgold.png\" title=\"\" alt=\"\" loading=\"lazy\" \/><\/figure><div class=\"elementor-image-box-content\"><h3 class=\"elementor-image-box-title\">Mittelablauf<\/h3><p class=\"elementor-image-box-description\">Unsere Beh\u00e4lter verk\u00fcrzen die Montagezeiten und verringern den Wartungsbedarf durch ihren glattwandigen, zentralen Ablauf.<\/p><\/div><\/div>\t\t\t\t<\/div>\n\t\t\t\t<\/div>\n\t\t\t\t\t<\/div>\n\t\t<\/div>\n\t\t\t\t<div class=\"elementor-column elementor-col-25 elementor-top-column elementor-element elementor-element-f4ed652\" data-id=\"f4ed652\" data-element_type=\"column\" data-e-type=\"column\">\n\t\t\t<div class=\"elementor-widget-wrap elementor-element-populated\">\n\t\t\t\t\t\t<div class=\"elementor-element elementor-element-2af984d elementor-position-top elementor-widget elementor-widget-image-box\" data-id=\"2af984d\" data-element_type=\"widget\" data-e-type=\"widget\" data-widget_type=\"image-box.default\">\n\t\t\t\t<div class=\"elementor-widget-container\">\n\t\t\t\t\t<div class=\"elementor-image-box-wrapper\"><figure class=\"elementor-image-box-img\"><img decoding=\"async\" src=\"https:\/\/3maxx.com\/gc2026\/wp-content\/uploads\/2023\/11\/no-reservoir-Lgold.png\" title=\"\" alt=\"\" loading=\"lazy\" \/><\/figure><div class=\"elementor-image-box-content\"><h3 class=\"elementor-image-box-title\">Kein Vorratstank<\/h3><p class=\"elementor-image-box-description\">HydraMax-Systeme ben\u00f6tigen keinen Vorratsbeh\u00e4lter, was Betriebskosten und zus\u00e4tzliche wertvolle Stellfl\u00e4che spart.<\/p><\/div><\/div>\t\t\t\t<\/div>\n\t\t\t\t<\/div>\n\t\t\t\t\t<\/div>\n\t\t<\/div>\n\t\t\t\t\t<\/div>\n\t\t<\/section>\n\t\t\t\t<section class=\"elementor-section elementor-top-section elementor-element elementor-element-5d9ddd9 elementor-section-stretched elementor-section-boxed elementor-section-height-default elementor-section-height-default\" data-id=\"5d9ddd9\" data-element_type=\"section\" data-e-type=\"section\" data-settings=\"{&quot;stretch_section&quot;:&quot;section-stretched&quot;,&quot;background_background&quot;:&quot;classic&quot;}\">\n\t\t\t\t\t\t<div class=\"elementor-container elementor-column-gap-default\">\n\t\t\t\t\t<div class=\"elementor-column elementor-col-25 elementor-top-column elementor-element elementor-element-7604674\" data-id=\"7604674\" data-element_type=\"column\" data-e-type=\"column\">\n\t\t\t<div class=\"elementor-widget-wrap elementor-element-populated\">\n\t\t\t\t\t\t<div class=\"elementor-element elementor-element-f4e715b elementor-position-top elementor-widget elementor-widget-image-box\" data-id=\"f4e715b\" data-element_type=\"widget\" data-e-type=\"widget\" data-widget_type=\"image-box.default\">\n\t\t\t\t<div class=\"elementor-widget-container\">\n\t\t\t\t\t<div class=\"elementor-image-box-wrapper\"><figure class=\"elementor-image-box-img\"><img decoding=\"async\" src=\"https:\/\/3maxx.com\/gc2026\/wp-content\/uploads\/2023\/11\/CIP-Lgold.png\" title=\"\" alt=\"\" loading=\"lazy\" \/><\/figure><div class=\"elementor-image-box-content\"><h3 class=\"elementor-image-box-title\">Clean in Place<\/h3><p class=\"elementor-image-box-description\">\"Clean in place\" ist eine Methode zur Reinigung der Innenfl\u00e4chen von Rohren, Beh\u00e4ltern, Ger\u00e4ten, Filtern und zugeh\u00f6rigen Anschl\u00fcssen ohne gr\u00f6\u00dfere Demontage.<\/p><\/div><\/div>\t\t\t\t<\/div>\n\t\t\t\t<\/div>\n\t\t\t\t\t<\/div>\n\t\t<\/div>\n\t\t\t\t<div class=\"elementor-column elementor-col-25 elementor-top-column elementor-element elementor-element-3b6bc57\" data-id=\"3b6bc57\" data-element_type=\"column\" data-e-type=\"column\">\n\t\t\t<div class=\"elementor-widget-wrap elementor-element-populated\">\n\t\t\t\t\t\t<div class=\"elementor-element elementor-element-8b9f828 elementor-position-top elementor-widget elementor-widget-image-box\" data-id=\"8b9f828\" data-element_type=\"widget\" data-e-type=\"widget\" data-widget_type=\"image-box.default\">\n\t\t\t\t<div class=\"elementor-widget-container\">\n\t\t\t\t\t<div class=\"elementor-image-box-wrapper\"><figure class=\"elementor-image-box-img\"><img decoding=\"async\" src=\"https:\/\/3maxx.com\/gc2026\/wp-content\/uploads\/2023\/11\/qwik-lok-Lgold.png\" title=\"\" alt=\"\" loading=\"lazy\" \/><\/figure><div class=\"elementor-image-box-content\"><h3 class=\"elementor-image-box-title\">Qwik-Lok-Rohrverbindungen<\/h3><p class=\"elementor-image-box-description\">Die Rohrleitungen mit Qwik-Lok\u2122 sorgen daf\u00fcr, dass du schneller und mit weniger Wartungsaufwand einsatzbereit bist. Extrem einfach in der Anwendung, kein Kleben oder Schneiden erforderlich.<\/p><\/div><\/div>\t\t\t\t<\/div>\n\t\t\t\t<\/div>\n\t\t\t\t\t<\/div>\n\t\t<\/div>\n\t\t\t\t<div class=\"elementor-column elementor-col-25 elementor-top-column elementor-element elementor-element-9453c44\" data-id=\"9453c44\" data-element_type=\"column\" data-e-type=\"column\">\n\t\t\t<div class=\"elementor-widget-wrap elementor-element-populated\">\n\t\t\t\t\t\t<div class=\"elementor-element elementor-element-a2ac1f7 elementor-position-top elementor-widget elementor-widget-image-box\" data-id=\"a2ac1f7\" data-element_type=\"widget\" data-e-type=\"widget\" data-widget_type=\"image-box.default\">\n\t\t\t\t<div class=\"elementor-widget-container\">\n\t\t\t\t\t<div class=\"elementor-image-box-wrapper\"><figure class=\"elementor-image-box-img\"><img decoding=\"async\" src=\"https:\/\/3maxx.com\/gc2026\/wp-content\/uploads\/2023\/11\/dosing-system-Lgold.png\" title=\"\" alt=\"\" loading=\"lazy\" \/><\/figure><div class=\"elementor-image-box-content\"><h3 class=\"elementor-image-box-title\">Dosierungsbereit<\/h3><p class=\"elementor-image-box-description\">Die N\u00e4hrstoffe werden gleichm\u00e4\u00dfig und mit h\u00f6chster Geschwindigkeit verteilt. Das sorgt f\u00fcr ges\u00fcndere, ertragreichere Pflanzen in k\u00fcrzerer Zeit.<\/p><\/div><\/div>\t\t\t\t<\/div>\n\t\t\t\t<\/div>\n\t\t\t\t\t<\/div>\n\t\t<\/div>\n\t\t\t\t<div class=\"elementor-column elementor-col-25 elementor-top-column elementor-element elementor-element-a2b0972\" data-id=\"a2b0972\" data-element_type=\"column\" data-e-type=\"column\">\n\t\t\t<div class=\"elementor-widget-wrap elementor-element-populated\">\n\t\t\t\t\t\t<div class=\"elementor-element elementor-element-446c068 elementor-position-top elementor-widget elementor-widget-image-box\" data-id=\"446c068\" data-element_type=\"widget\" data-e-type=\"widget\" data-widget_type=\"image-box.default\">\n\t\t\t\t<div class=\"elementor-widget-container\">\n\t\t\t\t\t<div class=\"elementor-image-box-wrapper\"><figure class=\"elementor-image-box-img\"><img decoding=\"async\" src=\"https:\/\/3maxx.com\/gc2026\/wp-content\/uploads\/2023\/11\/customer-support-Lgold.png\" title=\"\" alt=\"\" loading=\"lazy\" \/><\/figure><div class=\"elementor-image-box-content\"><h3 class=\"elementor-image-box-title\">Umfassender Support<\/h3><p class=\"elementor-image-box-description\">Unsere Technik, unser Vertrieb und unser Kundendienst unterst\u00fctzen deinen wachsenden Erfolg bei jedem Schritt.<\/p><\/div><\/div>\t\t\t\t<\/div>\n\t\t\t\t<\/div>\n\t\t\t\t\t<\/div>\n\t\t<\/div>\n\t\t\t\t\t<\/div>\n\t\t<\/section>\n\t\t\t\t<\/div>","protected":false},"excerpt":{"rendered":"<p>HydraMax COMMERCIAL Large-scale Hydroponic Systems for Professional Growers &#8211; HydraMax COMMERCIAL Are you planning a commercial vegetable project or a large-scale fruit cultivation? Then Green Cult offers you the right system with HydraMax COMMERCIAL. Our large-scale hydroponic systems are fully\u00a0modular, individually plannable and scalable. Whether you are building a new production facility or want to [&hellip;]<\/p>\n","protected":false},"author":1,"featured_media":0,"parent":0,"menu_order":0,"comment_status":"closed","ping_status":"closed","template":"","meta":{"footnotes":""},"class_list":["post-15868","page","type-page","status-publish","hentry"],"_links":{"self":[{"href":"https:\/\/3maxx.com\/gc2026\/de\/wp-json\/wp\/v2\/pages\/15868","targetHints":{"allow":["GET"]}}],"collection":[{"href":"https:\/\/3maxx.com\/gc2026\/de\/wp-json\/wp\/v2\/pages"}],"about":[{"href":"https:\/\/3maxx.com\/gc2026\/de\/wp-json\/wp\/v2\/types\/page"}],"author":[{"embeddable":true,"href":"https:\/\/3maxx.com\/gc2026\/de\/wp-json\/wp\/v2\/users\/1"}],"replies":[{"embeddable":true,"href":"https:\/\/3maxx.com\/gc2026\/de\/wp-json\/wp\/v2\/comments?post=15868"}],"version-history":[{"count":10,"href":"https:\/\/3maxx.com\/gc2026\/de\/wp-json\/wp\/v2\/pages\/15868\/revisions"}],"predecessor-version":[{"id":17105,"href":"https:\/\/3maxx.com\/gc2026\/de\/wp-json\/wp\/v2\/pages\/15868\/revisions\/17105"}],"wp:attachment":[{"href":"https:\/\/3maxx.com\/gc2026\/de\/wp-json\/wp\/v2\/media?parent=15868"}],"curies":[{"name":"wp","href":"https:\/\/api.w.org\/{rel}","templated":true}]}}