{"id":3,"date":"2022-11-07T10:37:43","date_gmt":"2022-11-07T09:37:43","guid":{"rendered":"https:\/\/3maxx.com\/gc2026\/?page_id=3"},"modified":"2024-04-24T09:53:02","modified_gmt":"2024-04-24T07:53:02","slug":"data-privacy-statement","status":"publish","type":"page","link":"https:\/\/3maxx.com\/gc2026\/de\/data-privacy-statement\/","title":{"rendered":"Data Privacy Statement"},"content":{"rendered":"<div data-elementor-type=\"wp-page\" data-elementor-id=\"3\" class=\"elementor elementor-3\">\n\t\t\t\t\t\t<section class=\"elementor-section elementor-top-section elementor-element elementor-element-5bfa5669 elementor-section-boxed elementor-section-height-default elementor-section-height-default\" data-id=\"5bfa5669\" data-element_type=\"section\" data-e-type=\"section\">\n\t\t\t\t\t\t<div class=\"elementor-container elementor-column-gap-default\">\n\t\t\t\t\t<div class=\"elementor-column elementor-col-100 elementor-top-column elementor-element elementor-element-73f14373\" data-id=\"73f14373\" data-element_type=\"column\" data-e-type=\"column\">\n\t\t\t<div class=\"elementor-widget-wrap elementor-element-populated\">\n\t\t\t\t\t\t<div class=\"elementor-element elementor-element-6c51cc82 elementor-widget elementor-widget-text-editor\" data-id=\"6c51cc82\" data-element_type=\"widget\" data-e-type=\"widget\" data-widget_type=\"text-editor.default\">\n\t\t\t\t<div class=\"elementor-widget-container\">\n\t\t\t\t\t\t\t\t\t\n<h1 class=\"wp-block-heading\">Dies ist unsere Datenschutzerkl\u00e4rung<\/h1>\n\n<p>\u00a0<\/p>\n\n<h2 class=\"wp-block-heading\">Wer wir sind<\/h2>\n\n<p><strong class=\"privacy-policy-tutorial\">Wir sind Green Cult, der offizielle Importeur und  Salespoint von HydraMax Hydroponikanlagen des US-Herstellers Hydra Unlimited f\u00fcr Europa. <\/strong><\/p>\n\n<h2 class=\"wp-block-heading\">Kommentare<\/h2>\n\n<p>Wenn Besucher Kommentare auf der Website hinterlassen, erfassen wir die im Kommentarformular angezeigten Daten sowie die IP-Adresse und den User-Agent-String des Browsers des Besuchers, um die Spam-Erkennung zu erleichtern.<\/p>\n\n<p>Eine anonymisierte Zeichenfolge, die aus deiner E-Mail-Adresse erstellt wird (auch Hash genannt), kann dem Gravatar-Dienst zur Verf\u00fcgung gestellt werden, um zu sehen, ob du ihn benutzt. Die Datenschutzrichtlinien des Gravatar-Dienstes findest du hier: https:\/\/automattic.com\/privacy\/. Nach der Freigabe deines Kommentars ist dein Profilbild im Zusammenhang mit deinem Kommentar \u00f6ffentlich sichtbar.<\/p>\n\n<h2 class=\"wp-block-heading\">Medien<\/h2>\n\n<p>Wenn du Bilder auf die Website hochladen, solltest du es vermeiden, Bilder hochzuladen, die eingebettete Standortdaten (EXIF-GPS) enthalten. Besucher der Website k\u00f6nnen alle Standortdaten von Bildern auf der Website herunterladen und extrahieren<strong class=\"privacy-policy-tutorial\">.<\/strong><\/p>\n<h2 class=\"wp-block-heading\">Zahlungen mit PayPal<\/h2>\n<p>Wenn du mit deiner Karte bezahlst, erkl\u00e4rst du dich damit einverstanden, dass deine Daten von PayPal gem\u00e4\u00df der PayPal-Datenschutzerkl\u00e4rung, die auf PayPal.com verf\u00fcgbar ist, verarbeitet werden.\u00a0<br \/>Wir nutzen PayPal f\u00fcr Zahlungen und andere Dienste. Wenn du einen dieser Dienste nutzen und auf unserer Website bezahlen m\u00f6chtest, kann PayPal die von dir bereitgestellten personenbezogenen Daten, wie Zahlungs- und andere Identifizierungsinformationen, erfassen. PayPal verwendet diese Informationen zum Betrieb und zur Verbesserung der Dienste, die es uns und anderen zur Verf\u00fcgung stellt, einschlie\u00dflich der Erkennung von Betrug, der Verhinderung von Sch\u00e4den und Verlusten, der Authentifizierung, der Analyse der Leistung seiner Dienste und der Einhaltung geltender gesetzlicher Vorschriften. Die Verarbeitung dieser Informationen unterliegt der PayPal-Datenschutzerkl\u00e4rung, die auf PayPal.com verf\u00fcgbar ist.<\/p>\n\n<h2 class=\"wp-block-heading\">Cookies<\/h2>\n\n<p>Wenn du einen Kommentar auf unserer Website hinterl\u00e4sst, kannst du dich damit einverstanden erkl\u00e4ren, dass dein Name, deine E-Mail-Adresse und deine Website in Cookies gespeichert werden. Diese dienen deiner Bequemlichkeit, damit du deine Daten nicht erneut eingeben musst, wenn du einen weiteren Kommentar hinterl\u00e4sst. Diese Cookies bleiben ein Jahr lang gespeichert.<\/p>\n\n<p>Wenn du unsere Anmeldeseite besuchst, setzen wir ein tempor\u00e4res Cookie, um festzustellen, ob dein Browser Cookies zul\u00e4sst. Dieses Cookie enth\u00e4lt keine pers\u00f6nlichen Daten und wird gel\u00f6scht, wenn du deinen Browser schlie\u00dft.<\/p>\n\n<p>Wenn du dich anmeldest, legen wir au\u00dferdem mehrere Cookies an, um deine Anmeldeinformationen und deine Bildschirmauswahl zu speichern. Die Anmelde-Cookies bleiben zwei Tage lang gespeichert, die Cookies f\u00fcr die Bildschirmoptionen ein Jahr lang. Wenn du \"Remember Me\" w\u00e4hlst, bleibt dein Login zwei Wochen lang erhalten. Wenn du dich von deinem Konto abmeldest, werden die Anmelde-Cookies entfernt.<\/p>\n\n<p>Wenn du einen Artikel bearbeitest oder ver\u00f6ffentlichst, wird ein zus\u00e4tzliches Cookie in deinem Browser gespeichert. Dieses Cookie enth\u00e4lt keine pers\u00f6nlichen Daten und zeigt lediglich die Post-ID des Artikels an, den du gerade bearbeitet hast. Er verf\u00e4llt nach 1 Tag.<\/p>\n\n<h2 class=\"wp-block-heading\">Eingebettete Inhalte von anderen Websites<\/h2>\n\n<p>Die Artikel auf dieser Website k\u00f6nnen eingebettete Inhalte (z. B. Videos, Bilder, Artikel usw.) enthalten. Eingebettete Inhalte von anderen Websites verhalten sich genau so, als ob der Besucher die andere Website besucht h\u00e4tte.<\/p>\n\n<p>Diese Websites k\u00f6nnen Daten \u00fcber dich sammeln, Cookies verwenden, zus\u00e4tzliche Trackingfunktionen von Dritten einbetten und deine Interaktion mit diesen eingebetteten Inhalten \u00fcberwachen, einschlie\u00dflich der Verfolgung deiner Interaktion mit den eingebetteten Inhalten, wenn du ein Konto hast und auf dieser Website angemeldet bist.<\/p>\n\n<h2 class=\"wp-block-heading\">Mit wem wir deine Daten teilen<\/h2>\n\n<p>Wenn du ein neues Passwort anforderst, wird deine IP-Adresse in der E-Mail zum Zur\u00fccksetzen enthalten sein.<\/p>\n\n<h2 class=\"wp-block-heading\">Wie lange wir deine Daten aufbewahren<\/h2>\n\n<p>Wenn du einen Kommentar hinterl\u00e4sst, werden der Kommentar und seine Metadaten auf unbestimmte Zeit gespeichert. Auf diese Weise k\u00f6nnen wir Folgekommentare automatisch erkennen und genehmigen, anstatt sie in einer Moderationswarteschlange zu halten.<\/p>\n\n<p>F\u00fcr Benutzer, die sich auf unserer Website registrieren, speichern wir auch die pers\u00f6nlichen Informationen, die sie in ihrem Benutzerprofil angeben. Alle Nutzer k\u00f6nnen ihre pers\u00f6nlichen Daten jederzeit einsehen, bearbeiten oder l\u00f6schen (au\u00dfer dass sie ihren Benutzernamen nicht \u00e4ndern k\u00f6nnen). Auch die Administratoren der Website k\u00f6nnen diese Informationen einsehen und bearbeiten.<\/p>\n\n<h2 class=\"wp-block-heading\">Welche Rechte du \u00fcber deine Daten hast<\/h2>\n\n<p>Wenn du ein Konto auf dieser Website hast oder Kommentare hinterlassen hast, kannst du eine exportierte Datei mit den personenbezogenen Daten anfordern, die wir \u00fcber dich gespeichert haben, einschlie\u00dflich aller Daten, die du uns zur Verf\u00fcgung gestellt hast. Du kannst auch verlangen, dass wir alle personenbezogenen Daten, die wir \u00fcber dich gespeichert haben, l\u00f6schen. Davon ausgenommen sind Daten, die wir aus administrativen, rechtlichen oder Sicherheitsgr\u00fcnden aufbewahren m\u00fcssen.<\/p>\n\n<h2 class=\"wp-block-heading\">Wohin deine Daten gesendet werden<\/h2>\n\n<p>Die Kommentare der Besucher k\u00f6nnen durch einen automatischen Spam-Erkennungsdienst \u00fcberpr\u00fcft werden.<\/p>\n\n<h2 class=\"wp-block-heading\">Woocommerce<\/h2>\n\n<p>Wir sammeln Informationen \u00fcber dich w\u00e4hrend des Bestellvorgangs in unserem Shop.<\/p>\n\n<h2 class=\"wp-block-heading\">Was wir sammeln und speichern<\/h2>\n\n<p>W\u00e4hrend deines Besuchs auf unserer Website werden wir Folgendes aufzeichnen:<\/p>\n\n<ul class=\"wp-block-list\">\n<li>Produkte, die du angesehen hast: Wir verwenden dies, um dir zum Beispiel Produkte zu zeigen, die du dir k\u00fcrzlich angesehen hast.<\/li>\n\n<li>Standort, IP-Adresse und Browsertyp: Wir verwenden diese Daten f\u00fcr Zwecke wie die Sch\u00e4tzung von Steuern und Versandkosten.<\/li>\n\n<li>Lieferadresse: Wir bitten dich, diese einzugeben, damit wir zum Beispiel die Versandkosten absch\u00e4tzen k\u00f6nnen, bevor du eine Bestellung aufgibst, und dir die Bestellung schicken k\u00f6nnen!<\/li>\n<\/ul>\n\n<p>Au\u00dferdem verwenden wir Cookies, um den Inhalt des Warenkorbs zu speichern, w\u00e4hrend du auf unserer Website surfst.<\/p>\n\n<p>Hinweis: M\u00f6glicherweise m\u00f6chtest du deine Cookie-Richtlinie ausf\u00fchrlicher gestalten und von hier aus auf diesen Abschnitt verlinken.<\/p>\n\n<p>Wenn du bei uns einkaufst, bitten wir dich um Informationen wie deinen Namen, deine Rechnungsadresse, deine Lieferadresse, deine E-Mail-Adresse, deine Telefonnummer, deine Kreditkarten-\/Zahlungsdaten und optionale Kontoinformationen wie deinen Benutzernamen und dein Passwort. Wir verwenden diese Informationen unter anderem f\u00fcr folgende Zwecke:<\/p>\n\n<ul class=\"wp-block-list\">\n<li>Dir Informationen \u00fcber Dein Konto und Deine Bestellung schicken<\/li>\n\n<li>Beantwortung deiner Anfragen, einschlie\u00dflich Erstattungen und Beschwerden<\/li>\n\n<li>Zahlungen verarbeiten und Betrug verhindern<\/li>\n\n<li>Richte dein Konto f\u00fcr unseren Shop ein<\/li>\n\n<li>Erf\u00fcllung unserer gesetzlichen Verpflichtungen, z. B. zur Berechnung von Steuern<\/li>\n\n<li>Verbesserung des Angebots in unseren Shop<\/li>\n\n<li>Dir Marketingnachrichten zu schicken, wenn du sie erhalten m\u00f6chtest<\/li>\n<\/ul>\n\n<p>Wenn du ein Konto anlegst, speichern wir deinen Namen, deine Adresse, deine E-Mail-Adresse und deine Telefonnummer, die wir bei zuk\u00fcnftigen Bestellungen f\u00fcr die Kasse verwenden werden.<\/p>\n\n<p>Im Allgemeinen speichern wir deine Daten so lange, wie wir sie f\u00fcr die Zwecke ben\u00f6tigen, f\u00fcr die wir sie sammeln und verwenden, und wir sind nicht gesetzlich verpflichtet, sie aufzubewahren. So speichern wir beispielsweise Bestelldaten f\u00fcr Steuer- und Buchhaltungszwecke 10 Jahre lang. Dazu geh\u00f6ren dein Name, deine E-Mail-Adresse sowie deine Rechnungs- und Lieferadresse.<\/p>\n\n<p>Wir speichern auch Kommentare oder Bewertungen, wenn du sie hinterlassen m\u00f6chtest.<\/p>\n\n<h2 class=\"wp-block-heading\">Wer in unserem Team Zugang hat<\/h2>\n\n<p>Die Mitglieder unseres Teams haben Zugang zu den Informationen, die du uns zur Verf\u00fcgung stellst. Zum Beispiel k\u00f6nnen sowohl Administratoren als auch Shop-Manager darauf zugreifen:<\/p>\n\n<ul class=\"wp-block-list\">\n<li>Bestellinformationen, z. B. was gekauft wurde, wann es gekauft wurde und wohin es geschickt werden soll, und<\/li>\n\n<li>Kundeninformationen wie dein Name, deine E-Mail-Adresse sowie Rechnungs- und Versandinformationen.<\/li>\n<\/ul>\n\n<p>Unsere Teammitglieder haben Zugriff auf diese Informationen, um Bestellungen auszuf\u00fchren, R\u00fcckerstattungen zu bearbeiten und dich zu unterst\u00fctzen.<\/p>\n\n<h2 class=\"wp-block-heading\">Was wir mit anderen teilen<\/h2>\n\n<p>Wir geben Informationen an HydraUnlimited, USA, weiter, die uns dabei helfen, dir Produkte, Dienstleistungen und Informationen zur Verf\u00fcgung zu stellen.<\/p>\n\n<h2 class=\"wp-block-heading\">Cookie Consent<\/h2>\n\n<p>Wir verwenden das Einwilligungstool \"Real Cookie Banner\", um die verwendeten Cookies und \u00e4hnlichen Technologien (Tracking Pixels, Web Beacons, usw.) und die damit verbundenen Einwilligungen zu verwalten. Einzelheiten zur Funktionsweise von \"Real Cookie Banner\" findest du <a href=\"https:\/\/devowl.io\/knowledge-base\/real-cookie-banner-data-processing\/\"><a href=\"https:\/\/devowl.io\/de\/wissensdatenbank\/real-cookie-banner-datenverarbeitung\/\">unter diesem Link.<\/a><\/a>.<\/p>\n<p>Die Rechtsgrundlage f\u00fcr die Verarbeitung personenbezogener Daten in diesem Zusammenhang ist Art. 6 Abs.. 1 lit. c DSGVO und Art. 6 Abs.. 1 lit. f DSGVO. Unser berechtigtes Interesse ist die Verwaltung der eingesetzten Cookies und \u00e4hnlicher Technologien und der damit verbundenen Einwilligungen.<\/p>\n\n<p>Die Bereitstellung der personenbezogenen Daten ist weder vertraglich vorgeschrieben noch f\u00fcr den Abschluss eines Vertrages erforderlich. Du bist nicht verpflichtet, die personenbezogenen Daten bereitzustellen. Wenn du die personenbezogenen Daten nicht bereitstellst, k\u00f6nnen wir deine Einwilligungen nicht verwalten.<\/p>\n\n<h2 class=\"wp-block-heading\">\u00c4ndern der Privatsph\u00e4ren-Einstellung oder Widerrufen der Einwilligung<\/h2>\n\n<p class=\"translation-block\">Wenn du deine Datenschutzeinstellungen \u00e4ndern m\u00f6chtest, klicke bitte auf den Button Link:<br><a href=\"#consent-change\" id=\"rcb-sc-link-change\" data-success-message=\"\" class=\"rcb-sc-link rcb-sc-link-change\" target=\"_self\">Datenschutzeinstellungen \u00e4ndern<\/a><\/p>\n\n<p class=\"translation-block\">Wenn du den Verlauf deiner Datenschutzeinstellungen einsehen m\u00f6chtest, klicke bitte auf den unten stehenden Link:<br><a href=\"#consent-history\" id=\"rcb-sc-link-history\" data-success-message=\"\" class=\"rcb-sc-link rcb-sc-link-history\" target=\"_self\">Verlauf der Datenschutzeinstellungen<\/a><\/p>\n\n<p class=\"translation-block\">Wenn du deine Zustimmung widerrufen m\u00f6chtest, klicke bitte auf den unten stehenden Link:<br><a href=\"#consent-revoke\" id=\"rcb-sc-link-revoke\" data-success-message=\"Sie haben Ihre Einwilligung f\u00fcr Services mit ihren Cookies und der Verarbeitung personenbezogener Daten erfolgreich widerrufen. Die Seite wird jetzt neu geladen!\" class=\"rcb-sc-link rcb-sc-link-revoke\" target=\"_self\">Einwilligung widerrufen<\/a><\/p>\n\t\t\t\t\t\t\t\t<\/div>\n\t\t\t\t<\/div>\n\t\t\t\t\t<\/div>\n\t\t<\/div>\n\t\t\t\t\t<\/div>\n\t\t<\/section>\n\t\t\t\t<\/div>","protected":false},"excerpt":{"rendered":"<p>You are reading our Data Privacy policy \u00a0 Who we are We are Green Cult, the official importer and sales point for the HydraMax indoor hydroponic systems of the US manufacturer Hydra Unlimited for Europe. Comments When visitors leave comments on the site we collect the data shown in the comments form, and also the [&hellip;]<\/p>\n","protected":false},"author":1,"featured_media":0,"parent":0,"menu_order":0,"comment_status":"closed","ping_status":"closed","template":"","meta":{"footnotes":""},"class_list":["post-3","page","type-page","status-publish","hentry"],"_links":{"self":[{"href":"https:\/\/3maxx.com\/gc2026\/de\/wp-json\/wp\/v2\/pages\/3","targetHints":{"allow":["GET"]}}],"collection":[{"href":"https:\/\/3maxx.com\/gc2026\/de\/wp-json\/wp\/v2\/pages"}],"about":[{"href":"https:\/\/3maxx.com\/gc2026\/de\/wp-json\/wp\/v2\/types\/page"}],"author":[{"embeddable":true,"href":"https:\/\/3maxx.com\/gc2026\/de\/wp-json\/wp\/v2\/users\/1"}],"replies":[{"embeddable":true,"href":"https:\/\/3maxx.com\/gc2026\/de\/wp-json\/wp\/v2\/comments?post=3"}],"version-history":[{"count":0,"href":"https:\/\/3maxx.com\/gc2026\/de\/wp-json\/wp\/v2\/pages\/3\/revisions"}],"wp:attachment":[{"href":"https:\/\/3maxx.com\/gc2026\/de\/wp-json\/wp\/v2\/media?parent=3"}],"curies":[{"name":"wp","href":"https:\/\/api.w.org\/{rel}","templated":true}]}}