{"id":15172,"date":"2024-06-11T09:12:40","date_gmt":"2024-06-11T07:12:40","guid":{"rendered":"https:\/\/3maxx.com\/gc2026\/?post_type=product&#038;p=15172"},"modified":"2026-02-09T21:11:03","modified_gmt":"2026-02-09T20:11:03","slug":"digital-interval-timer","status":"publish","type":"product","link":"https:\/\/3maxx.com\/gc2026\/de\/produkt\/digital-interval-timer\/","title":{"rendered":"Digitaler Intervall-Timer"},"content":{"rendered":"<p><strong>Multifunktional-Timer: <\/strong><\/p>\n<ul>\n<li><strong>Ideal f\u00fcr HydraMax HOME Systeme, die ohne zus\u00e4tzlichen Durchlaufk\u00fchler (Chiller) betrieben werden sollen.<\/strong> Durch die Wasserstr\u00f6mung der Pumpe wird die Wassertemperatur erw\u00e4rmt. Um den Einsatz eines Chillers zu umgehen, kann auch alternativ mit einer Intervallschaltung der Pumpe die Erw\u00e4rmung durch die Str\u00f6mung umgangen werden. Wir empfehlen folgende Intervall-Programmierung: 1 Minute Pumpe ein, 5 Minuten Pumpe aus. Die hier angebotene Zeitschaltuhr erm\u00f6glicht diese Programmierung auf einfachste Weise.<\/li>\n<li>Sekundengenaue, unendliche Intervalle, 3 Tagesprogramme und Countdown aus\/ein; viel vielseitiger als andere Timer<\/li>\n<li>Einzigartige Schaltzyklusfunktion: Du kannst einen kurzen, frei definierbaren Schaltzyklus ablaufen lassen, der unbegrenzt, auf Basis eines Tagesprogramms oder \u00fcber einen bestimmten Zeitraum laufen kann. <strong>HINWEIS:<\/strong> Intervallzyklen, die auf Tagesprogrammen basieren oder \u00fcber einen bestimmten Zeitraum laufen, sind nicht mit anderen Funktionen kompatibel<\/li>\n<li>Spare Energie, indem du deine t\u00e4glichen Abl\u00e4ufe rationalisierst; schalte elektrische Ger\u00e4te automatisch ein und aus, um Energiekosten zu sparen<\/li>\n<li>Benutzerfreundlich: Leicht verst\u00e4ndliche deutsche Anleitung mit Illustration; gro\u00dfes Display f\u00fcr deutlichere Ziffern; eingebauter Akku; manueller Ein-\/Ausschalter; v\u00f6llig ger\u00e4uschlos f\u00fcr den Einsatz in Innenr\u00e4umen<\/li>\n<\/ul>","protected":false},"excerpt":{"rendered":"<p>Multi-functional timer: Ideal for HydraMax HOME systems that are to be operated without an additional chiller. The water temperature is heated by the pump&#8217;s water flow. In order to avoid the use of a chiller, the heating by the flow can alternatively be bypassed with an interval switching of the pump. We recommend the following [&hellip;]<\/p>\n","protected":false},"featured_media":15173,"comment_status":"open","ping_status":"closed","template":"","meta":[],"product_cat":[116,61],"product_tag":[],"class_list":{"0":"post-15172","1":"product","2":"type-product","3":"status-publish","4":"has-post-thumbnail","6":"product_cat-home-systems","7":"product_cat-parts-fittings","8":"product_shipping_class-standard-parcel","10":"first","11":"instock","12":"taxable","13":"shipping-taxable","14":"purchasable","15":"product-type-simple"},"_links":{"self":[{"href":"https:\/\/3maxx.com\/gc2026\/de\/wp-json\/wp\/v2\/product\/15172","targetHints":{"allow":["GET"]}}],"collection":[{"href":"https:\/\/3maxx.com\/gc2026\/de\/wp-json\/wp\/v2\/product"}],"about":[{"href":"https:\/\/3maxx.com\/gc2026\/de\/wp-json\/wp\/v2\/types\/product"}],"replies":[{"embeddable":true,"href":"https:\/\/3maxx.com\/gc2026\/de\/wp-json\/wp\/v2\/comments?post=15172"}],"version-history":[{"count":0,"href":"https:\/\/3maxx.com\/gc2026\/de\/wp-json\/wp\/v2\/product\/15172\/revisions"}],"wp:featuredmedia":[{"embeddable":true,"href":"https:\/\/3maxx.com\/gc2026\/de\/wp-json\/wp\/v2\/media\/15173"}],"wp:attachment":[{"href":"https:\/\/3maxx.com\/gc2026\/de\/wp-json\/wp\/v2\/media?parent=15172"}],"wp:term":[{"taxonomy":"product_cat","embeddable":true,"href":"https:\/\/3maxx.com\/gc2026\/de\/wp-json\/wp\/v2\/product_cat?post=15172"},{"taxonomy":"product_tag","embeddable":true,"href":"https:\/\/3maxx.com\/gc2026\/de\/wp-json\/wp\/v2\/product_tag?post=15172"}],"curies":[{"name":"wp","href":"https:\/\/api.w.org\/{rel}","templated":true}]}}